{"id":879,"date":"2016-09-29T09:53:27","date_gmt":"2016-09-29T07:53:27","guid":{"rendered":"http:\/\/www4.asist-xbrl.eu\/en\/asist-modules\/modul-analiz\/"},"modified":"2017-12-20T13:36:50","modified_gmt":"2017-12-20T12:36:50","slug":"data-analysis-module","status":"publish","type":"page","link":"https:\/\/asist-xbrl.eu\/en\/asist-modules\/data-analysis-module\/","title":{"rendered":"Data Analysis Module"},"content":{"rendered":"<p>[et_pb_section admin_label=&#8221;section&#8221;][et_pb_row admin_label=&#8221;row&#8221;][et_pb_column type=&#8221;4_4&#8243;][et_pb_text admin_label=&#8221;Tekst&#8221; background_layout=&#8221;light&#8221; text_orientation=&#8221;left&#8221; use_border_color=&#8221;off&#8221; border_color=&#8221;#ffffff&#8221; border_style=&#8221;solid&#8221;]<\/p>\n<h2>Data Analysis Module<\/h2>\n<p>Supports the creation of lists and analytical reports using the collected reports&#8217; data. Reports can be enriched with an additional description and printed directly from aSISt. Therefore, aSISt is the repository of financial information.<\/p>\n<p>The Module facilitates the use of ready, high-quality data and simplifies the analysis of the entity&#8217;s situation.<\/p>\n<p>&nbsp;<\/p>\n<h4>In the Data Analysis Module users can easily:<\/h4>\n<ul>\n<li>develop their own economic analyses &#8211; with data taken directly from reports as well as established on the basis of indicator, units, etc.<\/li>\n<li>create many types of reports in which the actual data are presented and aggregated<\/li>\n<li>create variables in order to standardize the use of indicators in different reports<\/li>\n<li>edition, re-generation or deletion of previously created reports<\/li>\n<li>add a verbal description of analytical reports<\/li>\n<li>save reports to Excel files<\/li>\n<li>define report templates, which can be repeatedly used to generate current lists and brochures<\/li>\n<li>make brochures with graphical elements (e.g. Logo) and publish them in PDF format and print<\/li>\n<\/ul>\n<p>[\/et_pb_text][\/et_pb_column][\/et_pb_row][et_pb_row admin_label=&#8221;Wiersz&#8221;][et_pb_column type=&#8221;1_2&#8243;][et_pb_toggle admin_label=&#8221;Zak\u0142adka rozwijana&#8221; title=&#8221;Other aSISt Modules&#8221; open=&#8221;off&#8221; closed_toggle_background_color=&#8221;#ffffff&#8221; title_font=&#8221;|on|||&#8221; title_font_size=&#8221;24&#8243; title_text_color=&#8221;#5697b4&#8243; use_border_color=&#8221;on&#8221; border_color=&#8221;#5697b4&#8243; border_style=&#8221;solid&#8221;]<\/p>\n<p><a href=\"\/en\/asist-modules\/base-module\/\">Base Module<\/a><\/p>\n<p><a href=\"\/en\/asist-modules\/data-entry-automation-module\/\">Data Entry Automation Module<\/a><\/p>\n<p><a href=\"\/en\/modules\/validation-rules-editor\">Validation Rules Editor<\/a><\/p>\n<p><a href=\"\/en\/modules\/bank-units-module\">Bank Units Module<\/a><\/p>\n<p><a href=\"\/en\/modules\/consolidation-module\/\">Consolidation Module<\/a><\/p>\n<p>[\/et_pb_toggle][\/et_pb_column][et_pb_column type=&#8221;1_2&#8243;][\/et_pb_column][\/et_pb_row][\/et_pb_section][et_pb_section admin_label=&#8221;Sekcja&#8221; global_module=&#8221;1756&#8243; fullwidth=&#8221;off&#8221; specialty=&#8221;off&#8221; transparent_background=&#8221;off&#8221; background_color=&#8221;#333333&#8243; allow_player_pause=&#8221;off&#8221; inner_shadow=&#8221;off&#8221; parallax=&#8221;off&#8221; parallax_method=&#8221;off&#8221; padding_mobile=&#8221;off&#8221; make_fullwidth=&#8221;off&#8221; use_custom_width=&#8221;off&#8221; width_unit=&#8221;on&#8221; make_equal=&#8221;off&#8221; use_custom_gutter=&#8221;off&#8221;][et_pb_row global_parent=&#8221;1756&#8243; admin_label=&#8221;Wiersz&#8221;][et_pb_column type=&#8221;4_4&#8243;][et_pb_blurb global_parent=&#8221;1756&#8243; admin_label=&#8221;Notka&#8221; title=&#8221;We will help you choose the perfect product&#8221; url_new_window=&#8221;off&#8221; use_icon=&#8221;off&#8221; icon_color=&#8221;#7EBEC5&#8243; use_circle=&#8221;off&#8221; circle_color=&#8221;#7EBEC5&#8243; use_circle_border=&#8221;off&#8221; circle_border_color=&#8221;#7EBEC5&#8243; icon_placement=&#8221;top&#8221; animation=&#8221;top&#8221; background_layout=&#8221;light&#8221; text_orientation=&#8221;center&#8221; use_icon_font_size=&#8221;off&#8221; use_border_color=&#8221;off&#8221; border_color=&#8221;#ffffff&#8221; border_style=&#8221;solid&#8221; module_class=&#8221;stopa-tyt&#8221;]<br \/>\n[\/et_pb_blurb][\/et_pb_column][\/et_pb_row][et_pb_row global_parent=&#8221;1756&#8243; admin_label=&#8221;Wiersz&#8221;][et_pb_column type=&#8221;1_2&#8243;][et_pb_blurb global_parent=&#8221;1756&#8243; admin_label=&#8221;Notka&#8221; title=&#8221;Ask a question&#8221; url_new_window=&#8221;off&#8221; use_icon=&#8221;off&#8221; icon_color=&#8221;#7EBEC5&#8243; use_circle=&#8221;off&#8221; circle_color=&#8221;#7EBEC5&#8243; use_circle_border=&#8221;off&#8221; circle_border_color=&#8221;#7EBEC5&#8243; icon_placement=&#8221;top&#8221; animation=&#8221;top&#8221; background_layout=&#8221;light&#8221; text_orientation=&#8221;left&#8221; use_icon_font_size=&#8221;off&#8221; use_border_color=&#8221;off&#8221; border_color=&#8221;#ffffff&#8221; border_style=&#8221;solid&#8221; module_class=&#8221;stopa&#8221;]<\/p>\n<p>contact@asist-xbrl.eu<\/p>\n<p>mob. +48 609 858 522<\/p>\n<p>[\/et_pb_blurb][et_pb_text global_parent=&#8221;1756&#8243; admin_label=&#8221;Tekst&#8221; background_layout=&#8221;light&#8221; text_orientation=&#8221;left&#8221; use_border_color=&#8221;off&#8221; border_color=&#8221;#ffffff&#8221; border_style=&#8221;solid&#8221;]<\/p>\n<ul class=\"menu-dol\">\n<li><a href=\"\/en\/about-us\/\">About us<\/a><\/li>\n<li><a href=\"\/en\/privacy-policy\/\">Privacy policy<\/a><\/li>\n<\/ul>\n<p>[\/et_pb_text][\/et_pb_column][et_pb_column type=&#8221;1_2&#8243;][et_pb_blurb global_parent=&#8221;1756&#8243; admin_label=&#8221;Notka&#8221; title=&#8221;Contact technical support&#8221; url_new_window=&#8221;off&#8221; use_icon=&#8221;off&#8221; icon_color=&#8221;#7EBEC5&#8243; use_circle=&#8221;off&#8221; circle_color=&#8221;#7EBEC5&#8243; use_circle_border=&#8221;off&#8221; circle_border_color=&#8221;#7EBEC5&#8243; icon_placement=&#8221;top&#8221; animation=&#8221;top&#8221; background_layout=&#8221;light&#8221; text_orientation=&#8221;left&#8221; use_icon_font_size=&#8221;off&#8221; use_border_color=&#8221;off&#8221; border_color=&#8221;#ffffff&#8221; border_style=&#8221;solid&#8221; module_class=&#8221;stopa&#8221;]<\/p>\n<p>support@asist-xbrl.eu<\/p>\n<p>tel. +48 71 332 99 77<\/p>\n<p>[\/et_pb_blurb][et_pb_text global_parent=&#8221;1756&#8243; admin_label=&#8221;Tekst&#8221; background_layout=&#8221;light&#8221; text_orientation=&#8221;left&#8221; use_border_color=&#8221;off&#8221; border_color=&#8221;#ffffff&#8221; border_style=&#8221;solid&#8221; module_class=&#8221;loga-dol&#8221;]<\/p>\n<p><a href=\"http:\/\/www.fingo.pl\/en\/\"><img loading=\"lazy\" class=\"alignright wp-image-1719 size-full\" src=\"https:\/\/asist-xbrl.eu\/wp-content\/uploads\/2016\/08\/logo-fingo-white-alpha@2x.png\" width=\"182\" height=\"72\" \/><\/a> <a href=\"http:\/\/www.gpm-systemy.com\/\"><img loading=\"lazy\" class=\"alignright wp-image-1721 size-full\" src=\"https:\/\/asist-xbrl.eu\/wp-content\/uploads\/2016\/08\/logo-gpm-white-alpha@2x.png\" width=\"178\" height=\"72\" \/><\/a><\/p>\n<p>[\/et_pb_text][\/et_pb_column][\/et_pb_row][\/et_pb_section]<\/p>\n","protected":false},"excerpt":{"rendered":"<p>[et_pb_section admin_label=&#8221;section&#8221;][et_pb_row admin_label=&#8221;row&#8221;][et_pb_column type=&#8221;4_4&#8243;][et_pb_text admin_label=&#8221;Tekst&#8221; background_layout=&#8221;light&#8221; text_orientation=&#8221;left&#8221; use_border_color=&#8221;off&#8221; border_color=&#8221;#ffffff&#8221; border_style=&#8221;solid&#8221;] Data Analysis Module Supports the creation of lists and analytical reports using the collected reports&#8217; data. Reports can be enriched with an additional description and printed directly from aSISt. Therefore, aSISt is the repository of financial information. The Module facilitates the use of ready, high-quality [&hellip;]<\/p>\n","protected":false},"author":2,"featured_media":0,"parent":873,"menu_order":0,"comment_status":"closed","ping_status":"closed","template":"","meta":{"_et_pb_use_builder":"on","_et_pb_old_content":"<p>Modu\u0142 Analiz dla Bank\u00f3w Sp\u00f3\u0142dzielczych pozwala znacz\u0105co rozbudowa\u0107 funkcjonalno\u015b\u0107 modu\u0142u raport\u00f3w zrzeszenia. Dzi\u0119ki niemu pracownik banku mo\u017ce mi\u0119dzy innymi samodzielnie definiowa\u0107 raporty i wska\u017aniki, kt\u00f3re b\u0119d\u0105 analizowane. Przygotowany raport analityczny mo\u017cna wzbogaci\u0107 komentarzami i opublikowa\u0107 w postaci broszury.<\/p><p><strong>Modu\u0142 Analiz sprawia, \u017ce efekt pracy w postaci sprawozdania obowi\u0105zkowego, staje si\u0119 cennym \u017ar\u00f3d\u0142em danych dla sprawozdawczo\u015bci wewn\u0119trznej.\u00a0 <\/strong><\/p><p>Modu\u0142 usprawnia wykorzystanie gotowych, wysokiej jako\u015bci danych i znacznie u\u0142atwia analiz\u0119 sytuacji banku oraz przekazywanie informacji zar\u00f3wno wewn\u0105trz jak i na zewn\u0105trz banku sp\u00f3\u0142dzielczego.<\/p><p>U\u017cytkownicy Modu\u0142u Analiz dla Bank\u00f3w Sp\u00f3\u0142dzielczych, wygodnie i szybko wykonaj\u0105 nast\u0119puj\u0105ce czynno\u015bci:<br \/> \u2022 opracowywanie w\u0142asnych analiz ekonomicznych \u2013 zawieraj\u0105cych dane pobrane bezpo\u015brednio ze sprawozda\u0144 jak r\u00f3wnie\u017c utworzone na ich podstawie wska\u017aniki, agregaty itp.,<br \/> \u2022 tworzenie wielu typ\u00f3w raport\u00f3w w kt\u00f3rych przedstawiane s\u0105 dane rzeczywiste i dane zagregowane,<br \/> \u2022 tworzenie zmiennych w celu ujednolicenia stosowanych w r\u00f3\u017cnych raportach wska\u017anik\u00f3w,<br \/> \u2022 edycj\u0119, ponownie generowanie lub usuwanie wcze\u015bniej utworzonych raport\u00f3w,<br \/> \u2022 dodawanie s\u0142ownych opis\u00f3w do raport\u00f3w analitycznych,<br \/> \u2022 tworzenie broszur z elementami graficznymi (np. logo) - publikowanie ich w formacie PDF oraz wydruk,<br \/> \u2022 zapisywanie raport\u00f3w do plik\u00f3w Excel,<br \/> \u2022 definiowanie szablon\u00f3w raport\u00f3w, kt\u00f3re mog\u0105 by\u0107 wielokrotnie wykorzystywane do generowania aktualnych zestawie\u0144 oraz aktualnych broszur.<\/p>","_et_gb_content_width":""},"_links":{"self":[{"href":"https:\/\/asist-xbrl.eu\/en\/wp-json\/wp\/v2\/pages\/879"}],"collection":[{"href":"https:\/\/asist-xbrl.eu\/en\/wp-json\/wp\/v2\/pages"}],"about":[{"href":"https:\/\/asist-xbrl.eu\/en\/wp-json\/wp\/v2\/types\/page"}],"author":[{"embeddable":true,"href":"https:\/\/asist-xbrl.eu\/en\/wp-json\/wp\/v2\/users\/2"}],"replies":[{"embeddable":true,"href":"https:\/\/asist-xbrl.eu\/en\/wp-json\/wp\/v2\/comments?post=879"}],"version-history":[{"count":14,"href":"https:\/\/asist-xbrl.eu\/en\/wp-json\/wp\/v2\/pages\/879\/revisions"}],"predecessor-version":[{"id":1984,"href":"https:\/\/asist-xbrl.eu\/en\/wp-json\/wp\/v2\/pages\/879\/revisions\/1984"}],"up":[{"embeddable":true,"href":"https:\/\/asist-xbrl.eu\/en\/wp-json\/wp\/v2\/pages\/873"}],"wp:attachment":[{"href":"https:\/\/asist-xbrl.eu\/en\/wp-json\/wp\/v2\/media?parent=879"}],"curies":[{"name":"wp","href":"https:\/\/api.w.org\/{rel}","templated":true}]}}