{"id":794,"date":"2016-09-06T09:58:44","date_gmt":"2016-09-06T07:58:44","guid":{"rendered":"http:\/\/www4.asist-xbrl.eu\/en\/banki\/"},"modified":"2017-04-07T09:22:46","modified_gmt":"2017-04-07T07:22:46","slug":"banking","status":"publish","type":"page","link":"https:\/\/asist-xbrl.eu\/en\/solutions\/banking\/","title":{"rendered":"Banking"},"content":{"rendered":"<p>[et_pb_section admin_label=&#8221;section&#8221;][et_pb_row admin_label=&#8221;row&#8221;][et_pb_column type=&#8221;4_4&#8243;][et_pb_text admin_label=&#8221;Tekst&#8221; background_layout=&#8221;light&#8221; text_orientation=&#8221;left&#8221; use_border_color=&#8221;off&#8221; border_color=&#8221;#ffffff&#8221; border_style=&#8221;solid&#8221;]<\/p>\n<h4>Solutions for Banks and Financial Institutions<\/h4>\n<p><strong>aSISt<\/strong> is a complex obligatory reporting solution that deals with the full reporting cycle \u2013 the subsequent steps of the report preparation process: data input, edition and completion, report verification and reconciliation, validation and archiving, report generation, correction of historical reports.<\/p>\n<p>aSISt has full functionality necessary for the preparation and reconciliation of all mandatory reports resulting from EBA and EIOPA:<\/p>\n<ul>\n<li>easy report data input<\/li>\n<li>real-time Formula validator<\/li>\n<li>regular automatic updates<\/li>\n<li>corrections in existing reports<\/li>\n<\/ul>\n<p>[\/et_pb_text][\/et_pb_column][\/et_pb_row][et_pb_row admin_label=&#8221;Wiersz&#8221;][et_pb_column type=&#8221;1_3&#8243;][et_pb_button admin_label=&#8221;Banks&#8221; button_url=&#8221;\/en\/solutions\/banking\/banks&#8221; url_new_window=&#8221;off&#8221; button_text=&#8221;Banks&#8221; button_alignment=&#8221;left&#8221; background_layout=&#8221;light&#8221; custom_button=&#8221;on&#8221; button_border_radius=&#8221;0&#8243; button_letter_spacing=&#8221;0&#8243; button_use_icon=&#8221;default&#8221; button_icon=&#8221;%%20%%&#8221; button_icon_placement=&#8221;right&#8221; button_on_hover=&#8221;on&#8221; button_letter_spacing_hover=&#8221;0&#8243; button_text_color=&#8221;#5697b4&#8243; button_border_color=&#8221;#5697b4&#8243; button_icon_color=&#8221;#5697b4&#8243;]<br \/>\n[\/et_pb_button][\/et_pb_column][et_pb_column type=&#8221;1_3&#8243;][et_pb_button admin_label=&#8221;Financial Institutions&#8221; button_url=&#8221;\/en\/solutions\/banking\/financial-institutions\/&#8221; url_new_window=&#8221;off&#8221; button_text=&#8221;Financial Institutions&#8221; button_alignment=&#8221;left&#8221; background_layout=&#8221;light&#8221; custom_button=&#8221;on&#8221; button_border_radius=&#8221;0&#8243; button_letter_spacing=&#8221;0&#8243; button_use_icon=&#8221;default&#8221; button_icon_placement=&#8221;right&#8221; button_on_hover=&#8221;on&#8221; button_letter_spacing_hover=&#8221;0&#8243; button_text_color=&#8221;#5697b4&#8243; button_border_color=&#8221;#5697b4&#8243; button_icon_color=&#8221;#5697b4&#8243;]<br \/>\n[\/et_pb_button][\/et_pb_column][et_pb_column type=&#8221;1_3&#8243;][\/et_pb_column][\/et_pb_row][\/et_pb_section][et_pb_section admin_label=&#8221;Sekcja&#8221; fullwidth=&#8221;off&#8221; specialty=&#8221;off&#8221; transparent_background=&#8221;off&#8221; background_color=&#8221;#333333&#8243; allow_player_pause=&#8221;off&#8221; inner_shadow=&#8221;off&#8221; parallax=&#8221;off&#8221; parallax_method=&#8221;off&#8221; padding_mobile=&#8221;off&#8221; make_fullwidth=&#8221;off&#8221; use_custom_width=&#8221;off&#8221; width_unit=&#8221;on&#8221; make_equal=&#8221;off&#8221; use_custom_gutter=&#8221;off&#8221; global_module=&#8221;1756&#8243;][et_pb_row global_parent=&#8221;1756&#8243; admin_label=&#8221;Wiersz&#8221;][et_pb_column type=&#8221;4_4&#8243;][et_pb_blurb global_parent=&#8221;1756&#8243; admin_label=&#8221;Notka&#8221; title=&#8221;We will help you choose the perfect product&#8221; url_new_window=&#8221;off&#8221; use_icon=&#8221;off&#8221; icon_color=&#8221;#7EBEC5&#8243; use_circle=&#8221;off&#8221; circle_color=&#8221;#7EBEC5&#8243; use_circle_border=&#8221;off&#8221; circle_border_color=&#8221;#7EBEC5&#8243; icon_placement=&#8221;top&#8221; animation=&#8221;top&#8221; background_layout=&#8221;light&#8221; text_orientation=&#8221;center&#8221; use_icon_font_size=&#8221;off&#8221; use_border_color=&#8221;off&#8221; border_color=&#8221;#ffffff&#8221; border_style=&#8221;solid&#8221; module_class=&#8221;stopa-tyt&#8221;] [\/et_pb_blurb][\/et_pb_column][\/et_pb_row][et_pb_row global_parent=&#8221;1756&#8243; admin_label=&#8221;Wiersz&#8221;][et_pb_column type=&#8221;1_2&#8243;][et_pb_blurb global_parent=&#8221;1756&#8243; admin_label=&#8221;Notka&#8221; title=&#8221;Ask a question&#8221; url_new_window=&#8221;off&#8221; use_icon=&#8221;off&#8221; icon_color=&#8221;#7EBEC5&#8243; use_circle=&#8221;off&#8221; circle_color=&#8221;#7EBEC5&#8243; use_circle_border=&#8221;off&#8221; circle_border_color=&#8221;#7EBEC5&#8243; icon_placement=&#8221;top&#8221; animation=&#8221;top&#8221; background_layout=&#8221;light&#8221; text_orientation=&#8221;left&#8221; use_icon_font_size=&#8221;off&#8221; use_border_color=&#8221;off&#8221; border_color=&#8221;#ffffff&#8221; border_style=&#8221;solid&#8221; module_class=&#8221;stopa&#8221;]<\/p>\n<p>contact@asist-xbrl.eu<\/p>\n<p>mob. +48 609 858 522<\/p>\n<p>[\/et_pb_blurb][et_pb_text global_parent=&#8221;1756&#8243; admin_label=&#8221;Tekst&#8221; background_layout=&#8221;light&#8221; text_orientation=&#8221;left&#8221; use_border_color=&#8221;off&#8221; border_color=&#8221;#ffffff&#8221; border_style=&#8221;solid&#8221;]<\/p>\n<ul class=\"menu-dol\">\n<li><a href=\"\/en\/about-us\/\">About us<\/a><\/li>\n<li><a href=\"\/en\/privacy-policy\/\">Privacy policy<\/a><\/li>\n<\/ul>\n<p>[\/et_pb_text][\/et_pb_column][et_pb_column type=&#8221;1_2&#8243;][et_pb_blurb global_parent=&#8221;1756&#8243; admin_label=&#8221;Notka&#8221; title=&#8221;Contact technical support&#8221; url_new_window=&#8221;off&#8221; use_icon=&#8221;off&#8221; icon_color=&#8221;#7EBEC5&#8243; use_circle=&#8221;off&#8221; circle_color=&#8221;#7EBEC5&#8243; use_circle_border=&#8221;off&#8221; circle_border_color=&#8221;#7EBEC5&#8243; icon_placement=&#8221;top&#8221; animation=&#8221;top&#8221; background_layout=&#8221;light&#8221; text_orientation=&#8221;left&#8221; use_icon_font_size=&#8221;off&#8221; use_border_color=&#8221;off&#8221; border_color=&#8221;#ffffff&#8221; border_style=&#8221;solid&#8221; module_class=&#8221;stopa&#8221;]<\/p>\n<p>support@asist-xbrl.eu<\/p>\n<p>tel. +48 71 332 99 99<\/p>\n<p>[\/et_pb_blurb][et_pb_text global_parent=&#8221;1756&#8243; admin_label=&#8221;Tekst&#8221; background_layout=&#8221;light&#8221; text_orientation=&#8221;left&#8221; use_border_color=&#8221;off&#8221; border_color=&#8221;#ffffff&#8221; border_style=&#8221;solid&#8221; module_class=&#8221;loga-dol&#8221;]<\/p>\n<p><img loading=\"lazy\" class=\"alignnone wp-image-1719 size-full alignright\" src=\"https:\/\/asist-xbrl.eu\/wp-content\/uploads\/2016\/08\/logo-fingo-white-alpha@2x.png\" width=\"182\" height=\"72\" \/> <img loading=\"lazy\" class=\"alignnone wp-image-1721 size-full alignright\" src=\"https:\/\/asist-xbrl.eu\/wp-content\/uploads\/2016\/08\/logo-gpm-white-alpha@2x.png\" width=\"178\" height=\"72\" \/><\/p>\n<p>[\/et_pb_text][\/et_pb_column][\/et_pb_row][\/et_pb_section]<\/p>\n","protected":false},"excerpt":{"rendered":"<p>[et_pb_section admin_label=&#8221;section&#8221;][et_pb_row admin_label=&#8221;row&#8221;][et_pb_column type=&#8221;4_4&#8243;][et_pb_text admin_label=&#8221;Tekst&#8221; background_layout=&#8221;light&#8221; text_orientation=&#8221;left&#8221; use_border_color=&#8221;off&#8221; border_color=&#8221;#ffffff&#8221; border_style=&#8221;solid&#8221;] Solutions for Banks and Financial Institutions aSISt is a complex obligatory reporting solution that deals with the full reporting cycle \u2013 the subsequent steps of the report preparation process: data input, edition and completion, report verification and reconciliation, validation and archiving, report generation, correction of [&hellip;]<\/p>\n","protected":false},"author":2,"featured_media":0,"parent":798,"menu_order":0,"comment_status":"closed","ping_status":"closed","template":"","meta":{"_et_pb_use_builder":"on","_et_pb_old_content":"<p><strong>aSISt <\/strong>jest kompleksowym systemem sprawozdawczym, kt\u00f3ry zawiera szereg funkcjonalno\u015bci niezb\u0119dnych do przygotowania sprawozda\u0144 obowi\u0105zkowych dla NBP i BFG.<\/p><p>W aSISt mo\u017cna uzgodni\u0107 a nast\u0119pnie wygenerowa\u0107 sprawozdania obligatoryjne w formacie XBRL lub innym wymaganym przez nadzorc\u0119.<\/p><p>Aplikacja aSISt sk\u0142ada si\u0119 z modu\u0142\u00f3w, kt\u00f3re mog\u0105 by\u0107 dodawane zgodnie z pojawiaj\u0105cymi si\u0119 potrzebami.<\/p><p>Modu\u0142y zwi\u0119kszaj\u0105 zakres dost\u0119pnych funkcjonalno\u015bci, a Sprawozdania zakres dost\u0119pnych taksonomii, czyli sprawozda\u0144, kt\u00f3re mo\u017cna przygotowa\u0107 z wykorzystaniem aSISt.<\/p>","_et_gb_content_width":""},"_links":{"self":[{"href":"https:\/\/asist-xbrl.eu\/en\/wp-json\/wp\/v2\/pages\/794"}],"collection":[{"href":"https:\/\/asist-xbrl.eu\/en\/wp-json\/wp\/v2\/pages"}],"about":[{"href":"https:\/\/asist-xbrl.eu\/en\/wp-json\/wp\/v2\/types\/page"}],"author":[{"embeddable":true,"href":"https:\/\/asist-xbrl.eu\/en\/wp-json\/wp\/v2\/users\/2"}],"replies":[{"embeddable":true,"href":"https:\/\/asist-xbrl.eu\/en\/wp-json\/wp\/v2\/comments?post=794"}],"version-history":[{"count":12,"href":"https:\/\/asist-xbrl.eu\/en\/wp-json\/wp\/v2\/pages\/794\/revisions"}],"predecessor-version":[{"id":1786,"href":"https:\/\/asist-xbrl.eu\/en\/wp-json\/wp\/v2\/pages\/794\/revisions\/1786"}],"up":[{"embeddable":true,"href":"https:\/\/asist-xbrl.eu\/en\/wp-json\/wp\/v2\/pages\/798"}],"wp:attachment":[{"href":"https:\/\/asist-xbrl.eu\/en\/wp-json\/wp\/v2\/media?parent=794"}],"curies":[{"name":"wp","href":"https:\/\/api.w.org\/{rel}","templated":true}]}}