{"id":780,"date":"2016-09-06T10:16:16","date_gmt":"2016-09-06T08:16:16","guid":{"rendered":"http:\/\/www4.asist-xbrl.eu\/en\/products\/insist\/"},"modified":"2017-04-07T09:19:26","modified_gmt":"2017-04-07T07:19:26","slug":"insist","status":"publish","type":"page","link":"https:\/\/asist-xbrl.eu\/en\/products\/insist\/","title":{"rendered":"inSISt"},"content":{"rendered":"<p>[et_pb_section admin_label=&#8221;section&#8221;][et_pb_row admin_label=&#8221;row&#8221;][et_pb_column type=&#8221;4_4&#8243;][et_pb_image admin_label=&#8221;Obraz&#8221; src=&#8221;https:\/\/asist-xbrl.eu\/wp-content\/uploads\/2016\/09\/instist1.png&#8221; alt=&#8221;insist xbl validator&#8221; show_in_lightbox=&#8221;off&#8221; url_new_window=&#8221;off&#8221; use_overlay=&#8221;off&#8221; animation=&#8221;off&#8221; sticky=&#8221;off&#8221; align=&#8221;center&#8221; force_fullwidth=&#8221;off&#8221; always_center_on_mobile=&#8221;on&#8221; use_border_color=&#8221;off&#8221; border_color=&#8221;#ffffff&#8221; border_style=&#8221;solid&#8221;] [\/et_pb_image][et_pb_text admin_label=&#8221;Tekst&#8221; background_layout=&#8221;light&#8221; text_orientation=&#8221;left&#8221; use_border_color=&#8221;off&#8221; border_color=&#8221;#ffffff&#8221; border_style=&#8221;solid&#8221;]<\/p>\n<p>In modern XBRL reporting systems, a key factor influencing the data processing chain is the <strong>XBRL validator<\/strong>. Its function is to verify that an XBRL report (XBRL instance) is in accordance with the report\u2019s definition (XBRL taxonomy). The validator enables verification of the report before its delivery to the EBA. Since validation not only includes the form of the report, but also compliance with XBRL Formulae, using a professional XBRL validator is necessary to deliver obligatory reports correctly. inSISt is an <strong>efficient validator<\/strong> that follows all standards for ITS reporting.<\/p>\n<h4>inSISt\u2019s technical architecture can be configured in various ways:<\/h4>\n<ul>\n<li>as a built-in component of the aSISt reporting system,<\/li>\n<li>as a desktop application (inSISt console) without the need to build separate technical infrastructure,<\/li>\n<li>as a server \u2013 access to the validator is operated via web service, which enables integration with practically any system,<\/li>\n<li>as an EJB component \u2013 built into a dedicated server application and run on the application server<\/li>\n<\/ul>\n<p>inSISt is delivered along with <strong>helpful<\/strong> <strong>customer service<\/strong> and <strong>high-quality updates<\/strong> that guarantee the use of current EBA ITS taxonomies.<\/p>\n<p>[\/et_pb_text][\/et_pb_column][\/et_pb_row][et_pb_row admin_label=&#8221;Wiersz&#8221;][et_pb_column type=&#8221;1_2&#8243;][et_pb_toggle admin_label=&#8221;Zak\u0142adka rozwijana&#8221; title=&#8221;Other products&#8221; open=&#8221;off&#8221; closed_toggle_background_color=&#8221;#ffffff&#8221; title_text_color=&#8221;#5697b4&#8243; use_border_color=&#8221;on&#8221; border_color=&#8221;#5697b4&#8243; border_style=&#8221;solid&#8221; title_font=&#8221;|on|||&#8221; title_font_size=&#8221;24&#8243;]<\/p>\n<p><a href=\"https:\/\/asist-xbrl.eu\/en\/products\/asist\/\">aSISt<\/a><\/p>\n<p><a href=\"https:\/\/asist-xbrl.eu\/en\/products\/axsis\/\">axSIS<\/a><\/p>\n<p><a href=\"https:\/\/asist-xbrl.eu\/en\/products\/transis\/\">tranSIS<\/a><\/p>\n<p>[\/et_pb_toggle][\/et_pb_column][et_pb_column type=&#8221;1_2&#8243;][\/et_pb_column][\/et_pb_row][\/et_pb_section][et_pb_section admin_label=&#8221;Sekcja&#8221; fullwidth=&#8221;off&#8221; specialty=&#8221;off&#8221; transparent_background=&#8221;off&#8221; background_color=&#8221;#333333&#8243; allow_player_pause=&#8221;off&#8221; inner_shadow=&#8221;off&#8221; parallax=&#8221;off&#8221; parallax_method=&#8221;off&#8221; padding_mobile=&#8221;off&#8221; make_fullwidth=&#8221;off&#8221; use_custom_width=&#8221;off&#8221; width_unit=&#8221;on&#8221; make_equal=&#8221;off&#8221; use_custom_gutter=&#8221;off&#8221; global_module=&#8221;1756&#8243;][et_pb_row global_parent=&#8221;1756&#8243; admin_label=&#8221;Wiersz&#8221;][et_pb_column type=&#8221;4_4&#8243;][et_pb_blurb global_parent=&#8221;1756&#8243; admin_label=&#8221;Notka&#8221; title=&#8221;We will help you choose the perfect product&#8221; url_new_window=&#8221;off&#8221; use_icon=&#8221;off&#8221; icon_color=&#8221;#7EBEC5&#8243; use_circle=&#8221;off&#8221; circle_color=&#8221;#7EBEC5&#8243; use_circle_border=&#8221;off&#8221; circle_border_color=&#8221;#7EBEC5&#8243; icon_placement=&#8221;top&#8221; animation=&#8221;top&#8221; background_layout=&#8221;light&#8221; text_orientation=&#8221;center&#8221; use_icon_font_size=&#8221;off&#8221; use_border_color=&#8221;off&#8221; border_color=&#8221;#ffffff&#8221; border_style=&#8221;solid&#8221; module_class=&#8221;stopa-tyt&#8221;] [\/et_pb_blurb][\/et_pb_column][\/et_pb_row][et_pb_row global_parent=&#8221;1756&#8243; admin_label=&#8221;Wiersz&#8221;][et_pb_column type=&#8221;1_2&#8243;][et_pb_blurb global_parent=&#8221;1756&#8243; admin_label=&#8221;Notka&#8221; title=&#8221;Ask a question&#8221; url_new_window=&#8221;off&#8221; use_icon=&#8221;off&#8221; icon_color=&#8221;#7EBEC5&#8243; use_circle=&#8221;off&#8221; circle_color=&#8221;#7EBEC5&#8243; use_circle_border=&#8221;off&#8221; circle_border_color=&#8221;#7EBEC5&#8243; icon_placement=&#8221;top&#8221; animation=&#8221;top&#8221; background_layout=&#8221;light&#8221; text_orientation=&#8221;left&#8221; use_icon_font_size=&#8221;off&#8221; use_border_color=&#8221;off&#8221; border_color=&#8221;#ffffff&#8221; border_style=&#8221;solid&#8221; module_class=&#8221;stopa&#8221;]<\/p>\n<p>contact@asist-xbrl.eu<\/p>\n<p>mob. +48 609 858 522<\/p>\n<p>[\/et_pb_blurb][et_pb_text global_parent=&#8221;1756&#8243; admin_label=&#8221;Tekst&#8221; background_layout=&#8221;light&#8221; text_orientation=&#8221;left&#8221; use_border_color=&#8221;off&#8221; border_color=&#8221;#ffffff&#8221; border_style=&#8221;solid&#8221;]<\/p>\n<ul class=\"menu-dol\">\n<li><a href=\"\/en\/about-us\/\">About us<\/a><\/li>\n<li><a href=\"\/en\/privacy-policy\/\">Privacy policy<\/a><\/li>\n<\/ul>\n<p>[\/et_pb_text][\/et_pb_column][et_pb_column type=&#8221;1_2&#8243;][et_pb_blurb global_parent=&#8221;1756&#8243; admin_label=&#8221;Notka&#8221; title=&#8221;Contact technical support&#8221; url_new_window=&#8221;off&#8221; use_icon=&#8221;off&#8221; icon_color=&#8221;#7EBEC5&#8243; use_circle=&#8221;off&#8221; circle_color=&#8221;#7EBEC5&#8243; use_circle_border=&#8221;off&#8221; circle_border_color=&#8221;#7EBEC5&#8243; icon_placement=&#8221;top&#8221; animation=&#8221;top&#8221; background_layout=&#8221;light&#8221; text_orientation=&#8221;left&#8221; use_icon_font_size=&#8221;off&#8221; use_border_color=&#8221;off&#8221; border_color=&#8221;#ffffff&#8221; border_style=&#8221;solid&#8221; module_class=&#8221;stopa&#8221;]<\/p>\n<p>support@asist-xbrl.eu<\/p>\n<p>tel. +48 71 332 99 99<\/p>\n<p>[\/et_pb_blurb][et_pb_text global_parent=&#8221;1756&#8243; admin_label=&#8221;Tekst&#8221; background_layout=&#8221;light&#8221; text_orientation=&#8221;left&#8221; use_border_color=&#8221;off&#8221; border_color=&#8221;#ffffff&#8221; border_style=&#8221;solid&#8221; module_class=&#8221;loga-dol&#8221;]<\/p>\n<p><img loading=\"lazy\" class=\"alignnone wp-image-1719 size-full alignright\" src=\"https:\/\/asist-xbrl.eu\/wp-content\/uploads\/2016\/08\/logo-fingo-white-alpha@2x.png\" width=\"182\" height=\"72\" \/> <img loading=\"lazy\" class=\"alignnone wp-image-1721 size-full alignright\" src=\"https:\/\/asist-xbrl.eu\/wp-content\/uploads\/2016\/08\/logo-gpm-white-alpha@2x.png\" width=\"178\" height=\"72\" \/><\/p>\n<p>[\/et_pb_text][\/et_pb_column][\/et_pb_row][\/et_pb_section]<\/p>\n","protected":false},"excerpt":{"rendered":"<p>[et_pb_section admin_label=&#8221;section&#8221;][et_pb_row admin_label=&#8221;row&#8221;][et_pb_column type=&#8221;4_4&#8243;][et_pb_image admin_label=&#8221;Obraz&#8221; src=&#8221;https:\/\/asist-xbrl.eu\/wp-content\/uploads\/2016\/09\/instist1.png&#8221; alt=&#8221;insist xbl validator&#8221; show_in_lightbox=&#8221;off&#8221; url_new_window=&#8221;off&#8221; use_overlay=&#8221;off&#8221; animation=&#8221;off&#8221; sticky=&#8221;off&#8221; align=&#8221;center&#8221; force_fullwidth=&#8221;off&#8221; always_center_on_mobile=&#8221;on&#8221; use_border_color=&#8221;off&#8221; border_color=&#8221;#ffffff&#8221; border_style=&#8221;solid&#8221;] [\/et_pb_image][et_pb_text admin_label=&#8221;Tekst&#8221; background_layout=&#8221;light&#8221; text_orientation=&#8221;left&#8221; use_border_color=&#8221;off&#8221; border_color=&#8221;#ffffff&#8221; border_style=&#8221;solid&#8221;] In modern XBRL reporting systems, a key factor influencing the data processing chain is the XBRL validator. Its function is to verify that an XBRL report (XBRL instance) [&hellip;]<\/p>\n","protected":false},"author":2,"featured_media":0,"parent":772,"menu_order":0,"comment_status":"closed","ping_status":"closed","template":"","meta":{"_et_pb_use_builder":"on","_et_pb_old_content":"<p><strong>inSISt <\/strong>to walidator XBRL, kt\u00f3ry pozwala na weryfikacj\u0119 zgodno\u015bci sprawozdania XBRL (<em>instancji XBRL<\/em>) z definicj\u0105 sprawozdania (<em>taksonomi\u0105 XBRL<\/em>).<\/p><p>Umo\u017cliwia on sprawdzenie poprawno\u015bci przygotowanych sprawozda\u0144 przed ich wys\u0142aniem do NBP.<\/p><p>W nowoczesnych systemach sprawozdawczych XBRL, walidator XBRL odgrywa rol\u0119 kluczow\u0105 w ca\u0142ym \u0142a\u0144cuchu przetwarzania danych .<\/p><p>Od czasu, kiedy opr\u00f3cz formy sprawozdania weryfikowana jest r\u00f3wnie\u017c jego zgodno\u015b\u0107 z regu\u0142ami walidacyjnymi (regu\u0142ami poprawno\u015bci) publikowanymi w postaci XBRL Formula, zastosowanie walidatora przed wys\u0142aniem sprawozdania jest niezb\u0119dne.<\/p><p><strong>inSISt j<\/strong>est wydajnym, spe\u0142niaj\u0105cym wszystkie wymogi i standardy walidatorem dla sprawozda\u0144 ITS.<\/p><p>inSISt mo\u017ce by\u0107 stosowany w r\u00f3\u017cnych konfiguracjach architektury technicznej:<\/p><p>- jako walidator wbudowany w system sprawozdawczy aSISt,<\/p><p>- w wersji desktop \u2013 bez konieczno\u015bci budowania odr\u0119bnej infrastruktury technicznej,<\/p><p>- w wersji serwer- dost\u0119p do walidatora realizowany jest za pomoc\u0105 <em>web-services, <\/em>co umo\u017cliwia integracj\u0119 z praktycznie dowolnym systemem,<\/p><p>- w wersji EJB \u2013 do wbudowania w dedykowan\u0105 aplikacj\u0119 serwerow\u0105 uruchamian\u0105 na serwerze aplikacyjnym (np. WebLogic).<\/p><p>inSISt dostarczany jest razem z us\u0142ugami aktualizacyjnymi gwarantuj\u0105cymi sp\u00f3jno\u015b\u0107 z aktualnymi taksonomiami NBP.<\/p>","_et_gb_content_width":""},"_links":{"self":[{"href":"https:\/\/asist-xbrl.eu\/en\/wp-json\/wp\/v2\/pages\/780"}],"collection":[{"href":"https:\/\/asist-xbrl.eu\/en\/wp-json\/wp\/v2\/pages"}],"about":[{"href":"https:\/\/asist-xbrl.eu\/en\/wp-json\/wp\/v2\/types\/page"}],"author":[{"embeddable":true,"href":"https:\/\/asist-xbrl.eu\/en\/wp-json\/wp\/v2\/users\/2"}],"replies":[{"embeddable":true,"href":"https:\/\/asist-xbrl.eu\/en\/wp-json\/wp\/v2\/comments?post=780"}],"version-history":[{"count":9,"href":"https:\/\/asist-xbrl.eu\/en\/wp-json\/wp\/v2\/pages\/780\/revisions"}],"predecessor-version":[{"id":1777,"href":"https:\/\/asist-xbrl.eu\/en\/wp-json\/wp\/v2\/pages\/780\/revisions\/1777"}],"up":[{"embeddable":true,"href":"https:\/\/asist-xbrl.eu\/en\/wp-json\/wp\/v2\/pages\/772"}],"wp:attachment":[{"href":"https:\/\/asist-xbrl.eu\/en\/wp-json\/wp\/v2\/media?parent=780"}],"curies":[{"name":"wp","href":"https:\/\/api.w.org\/{rel}","templated":true}]}}