{"id":736,"date":"2016-11-02T18:52:08","date_gmt":"2016-11-02T17:52:08","guid":{"rendered":"http:\/\/www4.asist-xbrl.eu\/?page_id=736&#038;lang=en"},"modified":"2024-02-12T13:11:48","modified_gmt":"2024-02-12T12:11:48","slug":"contact","status":"publish","type":"page","link":"https:\/\/asist-xbrl.eu\/en\/contact\/","title":{"rendered":"Contact"},"content":{"rendered":"<p>[et_pb_section fb_built=&#8221;1&#8243; custom_padding_last_edited=&#8221;on|desktop&#8221; admin_label=&#8221;section&#8221; _builder_version=&#8221;3.22&#8243; background_color=&#8221;#ffffff&#8221; custom_padding_tablet=&#8221;50px|0|50px|0&#8243; custom_padding_phone=&#8221;&#8221; custom_css_main_element=&#8221;border-bottom:1px solid #DDDDDD;&#8221; transparent_background=&#8221;off&#8221; padding_mobile=&#8221;off&#8221; make_fullwidth=&#8221;off&#8221; use_custom_width=&#8221;off&#8221; width_unit=&#8221;on&#8221;][et_pb_row column_structure=&#8221;1_2,1_2&#8243; padding_mobile=&#8221;off&#8221; column_padding_mobile=&#8221;on&#8221; admin_label=&#8221;row&#8221; _builder_version=&#8221;3.25&#8243; background_size=&#8221;initial&#8221; background_position=&#8221;top_left&#8221; background_repeat=&#8221;repeat&#8221; max_width=&#8221;750px&#8221; make_fullwidth=&#8221;off&#8221; use_custom_width=&#8221;on&#8221; width_unit=&#8221;on&#8221; custom_width_px=&#8221;750px&#8221;][et_pb_column type=&#8221;1_2&#8243; _builder_version=&#8221;3.25&#8243; custom_padding=&#8221;|||&#8221; custom_padding__hover=&#8221;|||&#8221;][et_pb_text _builder_version=&#8221;3.27.4&#8243; background_size=&#8221;initial&#8221; background_position=&#8221;top_left&#8221; background_repeat=&#8221;repeat&#8221; use_border_color=&#8221;off&#8221;]<\/p>\n<p><strong>CONTACT DETAILS:<\/strong><\/p>\n<p>Sales &amp; Marketing Team:<\/p>\n<p><strong>MOB:<\/strong> +48 609 85 85 22<br \/><strong>MOB: <\/strong>+48 695 711 771<br \/><strong>MOB:<\/strong> +48 502 404 708<\/p>\n<p><strong>MAIL<\/strong>: <a href=\"mailto:sales@fingo.systems\">sales@fingo.systems<\/a><br \/><strong>MAIL:<\/strong> <a href=\"mailto:hello@fingo.systems\">hello@fingo.systems<\/a><\/p>\n<p>&nbsp;<\/p>\n<p><strong>HELP DESK FOR USERS:<\/strong><\/p>\n<p><strong>PHONE:<\/strong> + 48 71 332 99 77<\/p>\n<p><strong>MAIL:<\/strong> support@asist-xbrl.eu<\/p>\n<p>[\/et_pb_text][\/et_pb_column][et_pb_column type=&#8221;1_2&#8243; _builder_version=&#8221;3.25&#8243; custom_padding=&#8221;|||&#8221; custom_padding__hover=&#8221;|||&#8221;][et_pb_text _builder_version=&#8221;3.27.4&#8243; background_size=&#8221;initial&#8221; background_position=&#8221;top_left&#8221; background_repeat=&#8221;repeat&#8221; use_border_color=&#8221;off&#8221; border_color=&#8221;#ffffff&#8221; border_style=&#8221;solid&#8221;]<\/p>\n<p><strong>WEBSITES:<\/strong><\/p>\n<p>UPDATES AND DOCUMENTS:<br \/><a href=\"https:\/\/support.asist-xbrl.eu\/en\" target=\"_blank\" rel=\"noopener noreferrer\">https:\/\/support.asist-xbrl.eu\/en<\/a><\/p>\n<p><a href=\"https:\/\/pl.linkedin.com\/showcase\/fingo-systems\" target=\"_blank\" rel=\"noopener noreferrer\"><img loading=\"lazy\" class=\"alignnone size-full wp-image-244\" src=\"https:\/\/asist-xbrl.eu\/wp-content\/uploads\/2016\/08\/linkedin.jpg\" alt=\"linkedin\" width=\"35\" height=\"35\" \/><\/a><\/p>\n<p>[\/et_pb_text][\/et_pb_column][\/et_pb_row][\/et_pb_section][et_pb_section fb_built=&#8221;1&#8243; custom_padding_last_edited=&#8221;on|desktop&#8221; admin_label=&#8221;section&#8221; _builder_version=&#8221;3.22&#8243; background_color=&#8221;#ffffff&#8221; custom_padding_tablet=&#8221;50px|0|50px|0&#8243; custom_padding_phone=&#8221;&#8221; custom_css_main_element=&#8221;border-bottom:1px solid #DDDDDD;&#8221; transparent_background=&#8221;off&#8221; padding_mobile=&#8221;off&#8221; make_fullwidth=&#8221;off&#8221; use_custom_width=&#8221;off&#8221; width_unit=&#8221;on&#8221;][et_pb_row column_structure=&#8221;1_2,1_2&#8243; column_padding_mobile=&#8221;on&#8221; admin_label=&#8221;row&#8221; _builder_version=&#8221;4.9.7&#8243; background_size=&#8221;initial&#8221; background_position=&#8221;top_left&#8221; background_repeat=&#8221;repeat&#8221; max_width=&#8221;750px&#8221; custom_padding=&#8221;0px||||false|false&#8221; make_fullwidth=&#8221;off&#8221; use_custom_width=&#8221;on&#8221; width_unit=&#8221;on&#8221; custom_width_px=&#8221;750px&#8221;][et_pb_column type=&#8221;1_2&#8243; _builder_version=&#8221;3.25&#8243; custom_padding=&#8221;|||&#8221; custom_padding__hover=&#8221;|||&#8221;][et_pb_image src=&#8221;https:\/\/asist-xbrl.eu\/wp-content\/uploads\/2022\/10\/fingo.png&#8221; title_text=&#8221;fingo&#8221; _builder_version=&#8221;4.9.7&#8243; _module_preset=&#8221;default&#8221; max_width=&#8221;44%&#8221;][\/et_pb_image][et_pb_text _builder_version=&#8221;3.27.4&#8243; background_size=&#8221;initial&#8221; background_position=&#8221;top_left&#8221; background_repeat=&#8221;repeat&#8221; use_border_color=&#8221;off&#8221;]<\/p>\n<p><a href=\"http:\/\/www.fingo.pl\/en\" target=\"_blank\" rel=\"noopener noreferrer\"><\/a><\/p>\n<table class=\"kontaktowe\">\n<tbody>\n<tr>\n<td><img loading=\"lazy\" class=\"alignnone size-full wp-image-135\" src=\"https:\/\/asist-xbrl.eu\/wp-content\/uploads\/2016\/08\/miejsce.jpg\" alt=\"miejsce\" width=\"39\" height=\"39\" \/><\/td>\n<td>pl. Powsta\u0144c\u00f3w \u015al\u0105skich 7<br \/>53-329 Wroc\u0142aw<br \/>Poland<\/td>\n<\/tr>\n<tr>\n<td><img loading=\"lazy\" class=\"alignnone wp-image-140 size-full\" src=\"https:\/\/asist-xbrl.eu\/wp-content\/uploads\/2016\/08\/regon.jpg\" width=\"39\" height=\"39\" \/><\/td>\n<td><strong>REGON:<\/strong> 932670710<br \/><strong>Tax Identification Number (NIP):<\/strong> 8942683871<\/td>\n<\/tr>\n<tr>\n<td><img loading=\"lazy\" class=\"alignnone wp-image-141 size-full\" src=\"https:\/\/asist-xbrl.eu\/wp-content\/uploads\/2016\/08\/tele.jpg\" width=\"39\" height=\"39\" \/><\/td>\n<td>\n<p><strong>aSISt Help Desk:<\/strong><br \/><strong>Phone: <\/strong>+48 71 332 99 77<\/p>\n<p>&nbsp;<\/p>\n<p><strong>Phone:<\/strong> +48 71 332 99 60<br \/><strong>FAX:<\/strong> +48 71 332 99 61<br \/>(Mo. &#8211; Fr.: 8.00am \u2013 4.00pm)<\/p>\n<\/td>\n<\/tr>\n<tr>\n<td><img loading=\"lazy\" class=\"alignnone wp-image-139 size-full\" src=\"https:\/\/asist-xbrl.eu\/wp-content\/uploads\/2016\/08\/mail.jpg\" width=\"39\" height=\"39\" \/><\/td>\n<td>\n<p><strong>MAIL:<\/strong> <a href=\"mailto:hello@fingo.net\">hello@fingo.net<\/a><\/p>\n<\/td>\n<\/tr>\n<\/tbody>\n<\/table>\n<p>[\/et_pb_text][\/et_pb_column][et_pb_column type=&#8221;1_2&#8243; _builder_version=&#8221;3.25&#8243; custom_padding=&#8221;|||&#8221; custom_padding__hover=&#8221;|||&#8221;][\/et_pb_column][\/et_pb_row][\/et_pb_section][et_pb_section fb_built=&#8221;1&#8243; custom_padding_last_edited=&#8221;on|desktop&#8221; _builder_version=&#8221;3.22&#8243; background_color=&#8221;#333333&#8243; custom_padding_tablet=&#8221;50px|0|50px|0&#8243; custom_padding_phone=&#8221;&#8221; transparent_background=&#8221;off&#8221; padding_mobile=&#8221;off&#8221; make_fullwidth=&#8221;off&#8221; use_custom_width=&#8221;off&#8221; width_unit=&#8221;on&#8221; global_module=&#8221;1756&#8243;][et_pb_row _builder_version=&#8221;3.25&#8243; background_size=&#8221;initial&#8221; background_position=&#8221;top_left&#8221; background_repeat=&#8221;repeat&#8221;][et_pb_column type=&#8221;4_4&#8243; _builder_version=&#8221;3.25&#8243; custom_padding=&#8221;|||&#8221; custom_padding__hover=&#8221;|||&#8221;][et_pb_blurb title=&#8221;We will help you choose the perfect product&#8221; module_class=&#8221;stopa-tyt&#8221; _builder_version=&#8221;3.2.2&#8243; background_size=&#8221;initial&#8221; background_position=&#8221;top_left&#8221; background_repeat=&#8221;repeat&#8221; text_orientation=&#8221;center&#8221; use_border_color=&#8221;off&#8221; border_color=&#8221;#ffffff&#8221; border_style=&#8221;solid&#8221;][\/et_pb_blurb][\/et_pb_column][\/et_pb_row][et_pb_row column_structure=&#8221;1_2,1_2&#8243; _builder_version=&#8221;3.25&#8243; background_size=&#8221;initial&#8221; background_position=&#8221;top_left&#8221; background_repeat=&#8221;repeat&#8221;][et_pb_column type=&#8221;1_2&#8243; _builder_version=&#8221;3.25&#8243; custom_padding=&#8221;|||&#8221; custom_padding__hover=&#8221;|||&#8221;][et_pb_blurb title=&#8221;Ask a question&#8221; module_class=&#8221;stopa&#8221; _builder_version=&#8221;3.2.2&#8243; background_size=&#8221;initial&#8221; background_position=&#8221;top_left&#8221; background_repeat=&#8221;repeat&#8221; max_width_tablet=&#8221;50px&#8221; use_border_color=&#8221;off&#8221;]<\/p>\n<p>hello@fingo.systems<\/p>\n<p>mob: +48 515 985 555<br \/>mob: +48 695 711 771<br \/>mob: +48 502 404 708<\/p>\n<p>[\/et_pb_blurb][et_pb_text _builder_version=&#8221;4.9.7&#8243; background_size=&#8221;initial&#8221; background_position=&#8221;top_left&#8221; background_repeat=&#8221;repeat&#8221; use_border_color=&#8221;off&#8221; border_color=&#8221;#ffffff&#8221; border_style=&#8221;solid&#8221;]<\/p>\n<ul class=\"menu-dol\">\n<li><a href=\"\/en\/about-us\/\">About us<\/a><\/li>\n<li><a href=\"\/en\/privacy-policy\/\">Privacy policy<\/a><\/li>\n<li><a href=\"\/en\/terms-and-conditions\/\">Terms and conditions for the provision of electronic services<\/a><\/li>\n<\/ul>\n<p>[\/et_pb_text][\/et_pb_column][et_pb_column type=&#8221;1_2&#8243; _builder_version=&#8221;3.25&#8243; custom_padding=&#8221;|||&#8221; custom_padding__hover=&#8221;|||&#8221;][et_pb_blurb title=&#8221;Contact technical support&#8221; module_class=&#8221;stopa&#8221; _builder_version=&#8221;3.2.2&#8243; background_size=&#8221;initial&#8221; background_position=&#8221;top_left&#8221; background_repeat=&#8221;repeat&#8221; max_width_tablet=&#8221;50px&#8221; use_border_color=&#8221;off&#8221;]<\/p>\n<p>support@asist-xbrl.eu<\/p>\n<p>tel: +48 71 332 99 77<\/p>\n<p>[\/et_pb_blurb][et_pb_text module_class=&#8221;loga-dol&#8221; _builder_version=&#8221;3.27.4&#8243; background_size=&#8221;initial&#8221; background_position=&#8221;top_left&#8221; background_repeat=&#8221;repeat&#8221; use_border_color=&#8221;off&#8221; border_color=&#8221;#ffffff&#8221; border_style=&#8221;solid&#8221;][\/et_pb_text][et_pb_image src=&#8221;https:\/\/asist-xbrl.eu\/wp-content\/uploads\/2022\/10\/fingo_systems_logo_white.png&#8221; title_text=&#8221;fingo_systems_logo_white&#8221; _builder_version=&#8221;4.9.7&#8243; _module_preset=&#8221;default&#8221; max_width=&#8221;30%&#8221; module_alignment=&#8221;right&#8221;][\/et_pb_image][\/et_pb_column][\/et_pb_row][\/et_pb_section]<\/p>\n","protected":false},"excerpt":{"rendered":"<p>[et_pb_section fb_built=&#8221;1&#8243; custom_padding_last_edited=&#8221;on|desktop&#8221; admin_label=&#8221;section&#8221; _builder_version=&#8221;3.22&#8243; background_color=&#8221;#ffffff&#8221; custom_padding_tablet=&#8221;50px|0|50px|0&#8243; custom_padding_phone=&#8221;&#8221; custom_css_main_element=&#8221;border-bottom:1px solid #DDDDDD;&#8221; transparent_background=&#8221;off&#8221; padding_mobile=&#8221;off&#8221; make_fullwidth=&#8221;off&#8221; use_custom_width=&#8221;off&#8221; width_unit=&#8221;on&#8221;][et_pb_row column_structure=&#8221;1_2,1_2&#8243; padding_mobile=&#8221;off&#8221; column_padding_mobile=&#8221;on&#8221; admin_label=&#8221;row&#8221; _builder_version=&#8221;3.25&#8243; background_size=&#8221;initial&#8221; background_position=&#8221;top_left&#8221; background_repeat=&#8221;repeat&#8221; max_width=&#8221;750px&#8221; make_fullwidth=&#8221;off&#8221; use_custom_width=&#8221;on&#8221; width_unit=&#8221;on&#8221; custom_width_px=&#8221;750px&#8221;][et_pb_column type=&#8221;1_2&#8243; _builder_version=&#8221;3.25&#8243; custom_padding=&#8221;|||&#8221; custom_padding__hover=&#8221;|||&#8221;][et_pb_text _builder_version=&#8221;3.27.4&#8243; background_size=&#8221;initial&#8221; background_position=&#8221;top_left&#8221; background_repeat=&#8221;repeat&#8221; use_border_color=&#8221;off&#8221;] CONTACT DETAILS: Sales &amp; Marketing Team: MOB: +48 609 85 85 22MOB: +48 695 711 771MOB: +48 [&hellip;]<\/p>\n","protected":false},"author":1,"featured_media":0,"parent":0,"menu_order":0,"comment_status":"closed","ping_status":"closed","template":"","meta":{"_et_pb_use_builder":"on","_et_pb_old_content":"","_et_gb_content_width":""},"_links":{"self":[{"href":"https:\/\/asist-xbrl.eu\/en\/wp-json\/wp\/v2\/pages\/736"}],"collection":[{"href":"https:\/\/asist-xbrl.eu\/en\/wp-json\/wp\/v2\/pages"}],"about":[{"href":"https:\/\/asist-xbrl.eu\/en\/wp-json\/wp\/v2\/types\/page"}],"author":[{"embeddable":true,"href":"https:\/\/asist-xbrl.eu\/en\/wp-json\/wp\/v2\/users\/1"}],"replies":[{"embeddable":true,"href":"https:\/\/asist-xbrl.eu\/en\/wp-json\/wp\/v2\/comments?post=736"}],"version-history":[{"count":23,"href":"https:\/\/asist-xbrl.eu\/en\/wp-json\/wp\/v2\/pages\/736\/revisions"}],"predecessor-version":[{"id":3431,"href":"https:\/\/asist-xbrl.eu\/en\/wp-json\/wp\/v2\/pages\/736\/revisions\/3431"}],"wp:attachment":[{"href":"https:\/\/asist-xbrl.eu\/en\/wp-json\/wp\/v2\/media?parent=736"}],"curies":[{"name":"wp","href":"https:\/\/api.w.org\/{rel}","templated":true}]}}