{"id":3131,"date":"2022-10-12T22:18:32","date_gmt":"2022-10-12T20:18:32","guid":{"rendered":"https:\/\/asist-xbrl.eu\/?page_id=3131"},"modified":"2022-10-12T22:27:36","modified_gmt":"2022-10-12T20:27:36","slug":"terms-and-conditions","status":"publish","type":"page","link":"https:\/\/asist-xbrl.eu\/en\/terms-and-conditions\/","title":{"rendered":"Terms and conditions for the provision of electronic services"},"content":{"rendered":"<p>[et_pb_section fb_built=&#8221;1&#8243; admin_label=&#8221;section&#8221; _builder_version=&#8221;3.22&#8243;][et_pb_row admin_label=&#8221;row&#8221; _builder_version=&#8221;3.25&#8243; background_size=&#8221;initial&#8221; background_position=&#8221;top_left&#8221; background_repeat=&#8221;repeat&#8221;][et_pb_column type=&#8221;4_4&#8243; _builder_version=&#8221;3.25&#8243; custom_padding=&#8221;|||&#8221; custom_padding__hover=&#8221;|||&#8221;][et_pb_text _builder_version=&#8221;3.27.4&#8243; background_size=&#8221;initial&#8221; background_position=&#8221;top_left&#8221; background_repeat=&#8221;repeat&#8221; use_border_color=&#8221;off&#8221;]<\/p>\n<h3><strong>REGULATIONS\u00a0FOR THE ELECTRONIC PROVISION<\/strong><br \/><strong>OF SERVICES BY FINGO SP. Z O.O.<\/strong><\/h3>\n<p><strong>I. GENERAL PROVISIONS<\/strong><\/p>\n<ol>\n<li>Under Art. 8 sec. 1 of the Act on the Electronic Provision of Services of 18 July 2002 (t.j. Dz. U. z 2017 r. poz. 1219) FINGO sp. z o.o. hereby establishes these regulations for the electronic provision of services (hereinafter referred to as the \u2018Regulations\u2019).<\/li>\n<li>The Regulations set out the types and scope of services provided by FINGO sp. z o.o. electronically through the website available at <a href=\"asist-xbrl.eu\">asist-xbrl.eu<\/a><span> <\/span>(also referred to as: the Site), the conditions for entering into and terminating agreements, the procedure for complaints, as well as the technical terms and conditions for the provision of services electronically.<\/li>\n<li>The owner of the Site and the entity which provides services on the Site is FINGO sp. z o.o., with its registered office in Wroc\u0142aw (53-329) at Plac Powsta\u0144c\u00f3w \u015al\u0105skich 7, KRS number: 0000020323, TIN (NIP): 8942683871, with the amount of share capital of PLN 62,500.00, fully paid up.<\/li>\n<li>Each Service Recipient is obliged to read and comply with the provisions of the Regulations from the moment of taking any action aimed at using the services provided through the Site or aiming in any other way to use the website <a href=\"asist-xbrl.eu\">asist-xbrl.eu<\/a>.<\/li>\n<li>Any User of the Site shall be able to access the Regulations at any time via the website <a href=\"asist-xbrl.eu\">asist-xbrl.eu<\/a><\/li>\n<\/ol>\n<p><b>II. DEFINITIONS<\/b><\/p>\n<ol>\n<li>FINGO or Service Provider \u2013 shall mean FINGO sp. z o.o. with its registered office in Wroc\u0142aw (53-329) at Plac Powsta\u0144c\u00f3w \u015al\u0105skich 7, KRS number: 0000020323, TIN (NIP): 8942683871, with the amount of share capital of PLN 62,500.00, fully paid up, providing Services in accordance with the Regulations.<\/li>\n<li>Service Recipient or User \u2013 shall mean anyone who uses the Services or who otherwise uses the website www.fingo.pl.<\/li>\n<li>The Site \u2013 shall mean website:<span> <a href=\"asist-xbrl.eu\">asist-xbrl.eu<\/a><\/span><a href=\"https:\/\/www.fingo.systems\/\"><span>\u00a0<\/span><\/a><span>via which the company FINGO sp. z o.o. provides services electronically.<\/span><\/li>\n<li>Services \u2013 shall mean services provided by Service Provider on the Site.<\/li>\n<li>Provision of services by electronic means \u2013 shall mean providing a service by FINGO sp. z o. o. without the simultaneous presence of the parties (remotely) through submitting data at the individual request of the Service Recipient, where the service is sent and received via electronic processing devices, including digital compression, and data storage, which is entirely broadcasted, received or transmitted via a telecommunications network as defined in the Act of July 16, 2004 \u2013 Telecommunications Law.<\/li>\n<li>Information and communication system \u2013 shall mean a set of cooperating IT devices and software, providing for processing and storage, as well as sending and receiving data via telecommunications networks by means of a telecommunications terminal device appropriate for a given type of network, as defined in the Act of July 16, 2004 \u2013 Telecommunications Law.<\/li>\n<li>Commercial information \u2013 shall mean any information intended directly or indirectly to promote the services or image of FINGO sp. z o.o., available on the Service Provider\u2019s Site with the exclusion of information enabling communication by means of electronic communication with a specific person and information about services not intended to achieve the commercial effect desired by FINGO. Commercial information on the Site does not constitute an offer as defined in Article 66 and subsequent articles of the Act of 23.04.1964 Civil Code.<\/li>\n<\/ol>\n<p><b>III. TYPE AND SCOPE OF SERVICES BEING PROVIDED<\/b><\/p>\n<ol>\n<li>FINGO provides the following services via the Site:<br \/>a) provides the Service Recipient with commercial information regarding the services provided by FINGO and provides the possibility of searching and viewing them,<br \/>b) informs about current promotions regarding services provided by FINGO,<br \/>c) provides the Service Recipient with articles in the form of a blog,<br \/>d) enables the Service Recipient to contact FINGO through contact forms,<br \/>e) provides the Service Recipient with commercial information concerning a possibility to use E-mail Newsletter service and enables the conclusion of an agreement on providing the E-mail Newsletter service.<\/li>\n<li>The Service Provider may also provide services on the basis of separate contracts, the object of which is to provide services by electronic means.<\/li>\n<\/ol>\n<p><b>IV. TERMS AND CONDITIONS FOR THE ELECTRONIC PROVISION OF SERVICES<\/b><\/p>\n<ol>\n<li>When using the services on the Site, the User shall observe and comply with the following technical requirements:<br \/>a) have an Internet connection,<br \/>b) have access to an Internet browser enabling to display the documents form the Site on a computer monitor (recommended Mozilla Firefox version minimum 24.0, Opera version 10 and above, Google Chrome version 28.0 or later, or MS Internet Explorer version minimum 8.0 or later), and providing support for cookies and Javascript. It is acceptable to use other versions of web browsers if they provide full compatibility with the versions listed above.<\/li>\n<li>For the safe use of the Site, it is recommended that the device used by the Service Recipient has in particular:<br \/>a) an antivirus system with the latest version of virus definitions and updates,<br \/>b) an effective security firewall,<br \/>c) all available operating system and web browser security updates installed,<br \/>d) activated function to accept cookies and Java Script in the web browser,<br \/>e) software capable of reading files in PDF format.<\/li>\n<li>FINGO shall not be responsible for technical problems related to the malfunction of electronic equipment of the Service Recipient and for the lack of parameters enabling the Service Recipient to receive data.<\/li>\n<li>FINGO shall not be liable for the risks related to the use of services provided electronically by the Service Recipient. In particular, the Service Provider shall not be liable for any damage that is not a consequence of its fault or negligence, as well as for such a damage, the exclusive cause of which is the action of the Service Recipient or third parties which the Service Provider is not responsible for.<\/li>\n<\/ol>\n<p><b>V. PERSONAL DATA PROTECTION<\/b><\/p>\n<ol>\n<li>The controller of personal data is: FINGO sp. z o.o. with its registered office in Wroc\u0142aw (53-329) at Plac Powsta\u0144c\u00f3w \u015al\u0105skich 7, KRS number: 0000020323, TIN (NIP): 8942683871, with the amount of share capital of PLN 62,500.00, fully paid up.<\/li>\n<li>Detailed information on the processing and protection of personal data is available in the tab Privacy Policy.<\/li>\n<li>If the Service Recipient uses the Site with violation of the law, Regulations or to the detriment of FINGO, the Service Provider reserves the right to process the Service Recipient\u2019s personal data to the extent necessary to determine the User\u2019s liability and hold the User liable. In such a case, FINGO reserves the right to prevent the Service Recipient from accessing the Site<\/li>\n<\/ol>\n<p><b>VI. CONCLUSION AND TERMINATION OF THE CONTRACT FOR ELECTRONIC PROVISION OF SERVICES<\/b><\/p>\n<ol>\n<li>These Regulations are available for viewing, downloading, saving and printing free of charge to every User viewing the content of the Site.<\/li>\n<li>Each Service Recipient is obliged to read the content of these Regulations. These regulations constitute an integral part of the contract for the electronic provision of services concluded by FINGO. FINGO is not responsible for any damage suffered by the Service Recipient as a result of failure to read the content of the Regulations.<\/li>\n<li>By using the services provided by FINGO via the Site, the User confirms that he \/ she has read the content of these Regulations before using the services and that the conditions for the electronic provision of services by FINGO through the Site specified in these Regulations are understandable and accepted by the User.<\/li>\n<li>The Services referred to in point III sec. 1 points a) -d) of the Regulations, consisting in the provision of information or forms on the Site by FINGO are provided when the User starts visiting the Site in the domain www.fingo.pl<\/li>\n<li>The provision of the Services referred to in sec. 4 above is completed at the end of the User\u2019s visit to the Site.<\/li>\n<li>The service of E-mail Newsletter referred to in point III. sec. 1 point e) of the Regulations which covers receipt by Service Recipients (who have provided the Service Provider with their e-mail address), by electronic means (including through automatic calling systems) of commercial information concerning the Service Provider\u2019s products and services (including in particular information on their current offerings, promotions, discounts and marketing campaigns) is provided at the request of the Service Recipient which is made by providing the User\u2019s e-mail address in the appropriate form on the Site or selecting the appropriate checkbox in order to receive the Newsletter. The E-mail Newsletter service is provided for an indefinite period.<\/li>\n<li>The Service Recipient may at any time opt out of receiving the e-mail Newsletter by clicking on the link which is provided in each e-mail message containing the e-mail Newsletter. The resignation is tantamount to the termination of the contract for the electronic provision of services in this regard.<\/li>\n<\/ol>\n<p><b>VII. RIGHTS AND OBLIGATIONS OF THE SERVICE PROVIDER<\/b><\/p>\n<ol>\n<li>FINGO undertakes to provide services electronically in an uninterrupted and sustained manner, in accordance with the presented commercial information. FINGO shall not be liable for technical problems preventing it from providing services occurring due to force majeure or events which FINGO is not responsible for, such as the result of the actions of third parties or the User.<\/li>\n<li>FINGO shall have the right to discontinue the provision of services temporarily due to renovation activities, maintenance, troubleshooting, deleting incorrect or outdated information, modernization, as well as changing the layout of the Site<\/li>\n<\/ol>\n<p><b>VIII. RIGHTS AND OBLIGATIONS OF THE SERVICE RECIPIENT<\/b><\/p>\n<ol>\n<li>In the case use of the service for which it is necessary to provide the data of the Service Recipient, the User is obliged to provide the Service Provider only with true, up-to-date, complete data which are necessary, as well as promptly update the data provided to the Service Provider in relation to the conclusion of the contract<\/li>\n<li>By using the Site, the Service Recipient undertakes to comply with the provisions of law which is binding in Poland. It is unacceptable for the Service Recipient to use the services in a manner that is against the law, against the accepted principles of morality or in a manner which violates the legitimate interests of the Service Provider, in particular the provision of illegal content.<\/li>\n<\/ol>\n<p><b>IX. COMPLAINT PROCEDURE<\/b><\/p>\n<ol>\n<li>The Service Recipient has the right to submit complaints regarding the services provided by the Service Provider via the Site. The complaints may not concern in particular: irregularities in the functioning of web browser, interruptions in access to the Internet, User\u2019s devices or Internet connections, circumstances for which the Service Provider is not solely responsible, as well as other circumstances related to the activities of entities for which the Service Provider is not responsible.<\/li>\n<li>The complaint may be submitted by the User via e-mail to the address: marketing@fingo.net.<\/li>\n<li>The complaint should contain the data of Service Recipient submitting the complaint so that she\/he is possible to identify \u2013 in particular: name, surname, address for deliveries, e-mail address. Apart from that, it is necessary to indicate the subject and scope of the complaint as well as its concise justification.<\/li>\n<li>FINGO will make every effort to consider the complaint within 30 days from the date the complaint is received by the Service Provider. The Service Recipient will be informed of the result of the consideration of the complaint in the manner in which the complaint was submitted or by letter to the address specified in the complaint<\/li>\n<\/ol>\n<p><b>X. FINAL PROVISIONS<\/b><\/p>\n<ol>\n<li>These Regulations shall enter into force on the date of their publication. The publication is made by placing the Regulations on the website<span> <a href=\"asist-xbrl.eu\">asist-xbrl.eu<\/a><\/span>.<\/li>\n<li>FINGO reserves the right to amend the provisions contained in the Regulations at any time without giving a reason. Amendments to the existing Regulations enter into force on the date of their publication on the Site, and any previous provisions in the scope of the changes made shall terminate.<\/li>\n<li>In the event that the Service Recipient does not consent to the changes of the Regulations, she\/he has the right to resign from services provided electronically at any time. In the event that the Service Recipient does not consent to the change of the existing Regulations and the inclusion of the provisions of the new Regulations of the agreement existing between the parties, the Service Recipient should submit a declaration to the Service Provider refusing his\/her consent to the introduction of changes to the provisions of the existing Regulations in writing within 14 days from notifying by the Service Provider on the Site of the introduced changes to the Regulations. If the Service Provider does not submit a refusal within the prescribed period and form, it is assumed that the Service Recipient has read the content of the changes, these changes are understandable and accepted by the User.<\/li>\n<li>All information, data and materials available on the Site (including names and logos) as well as all other intellectual property rights related to the content of the Site belong to FINGO and are protected by copyright and trademark rights, database rights or other intellectual property rights.<\/li>\n<li>The Regulations enter into force on the day: 31.10.2022.<\/li>\n<\/ol>\n<p>[\/et_pb_text][\/et_pb_column][\/et_pb_row][\/et_pb_section][et_pb_section fb_built=&#8221;1&#8243; custom_padding_last_edited=&#8221;on|desktop&#8221; _builder_version=&#8221;3.22&#8243; background_color=&#8221;#333333&#8243; custom_padding_tablet=&#8221;50px|0|50px|0&#8243; custom_padding_phone=&#8221;&#8221; transparent_background=&#8221;off&#8221; padding_mobile=&#8221;off&#8221; make_fullwidth=&#8221;off&#8221; use_custom_width=&#8221;off&#8221; width_unit=&#8221;on&#8221; global_module=&#8221;1756&#8243;][et_pb_row _builder_version=&#8221;3.25&#8243; background_size=&#8221;initial&#8221; background_position=&#8221;top_left&#8221; background_repeat=&#8221;repeat&#8221;][et_pb_column type=&#8221;4_4&#8243; _builder_version=&#8221;3.25&#8243; custom_padding=&#8221;|||&#8221; custom_padding__hover=&#8221;|||&#8221;][et_pb_blurb title=&#8221;We will help you choose the perfect product&#8221; module_class=&#8221;stopa-tyt&#8221; _builder_version=&#8221;3.2.2&#8243; background_size=&#8221;initial&#8221; background_position=&#8221;top_left&#8221; background_repeat=&#8221;repeat&#8221; text_orientation=&#8221;center&#8221; use_border_color=&#8221;off&#8221; border_color=&#8221;#ffffff&#8221; border_style=&#8221;solid&#8221;][\/et_pb_blurb][\/et_pb_column][\/et_pb_row][et_pb_row column_structure=&#8221;1_2,1_2&#8243; _builder_version=&#8221;3.25&#8243; background_size=&#8221;initial&#8221; background_position=&#8221;top_left&#8221; background_repeat=&#8221;repeat&#8221;][et_pb_column type=&#8221;1_2&#8243; _builder_version=&#8221;3.25&#8243; custom_padding=&#8221;|||&#8221; custom_padding__hover=&#8221;|||&#8221;][et_pb_blurb title=&#8221;Ask a question&#8221; module_class=&#8221;stopa&#8221; _builder_version=&#8221;3.2.2&#8243; background_size=&#8221;initial&#8221; background_position=&#8221;top_left&#8221; background_repeat=&#8221;repeat&#8221; max_width_tablet=&#8221;50px&#8221; use_border_color=&#8221;off&#8221;]<\/p>\n<p>contact@asist-xbrl.eu<\/p>\n<p>mob: +48 515 985 555<br \/>mob: +48 695 711 771<br \/>mob: +48 502 404 708<\/p>\n<p>[\/et_pb_blurb][et_pb_text _builder_version=&#8221;3.27.4&#8243; background_size=&#8221;initial&#8221; background_position=&#8221;top_left&#8221; background_repeat=&#8221;repeat&#8221; use_border_color=&#8221;off&#8221; border_color=&#8221;#ffffff&#8221; border_style=&#8221;solid&#8221;]<\/p>\n<ul class=\"menu-dol\">\n<li><a href=\"\/en\/about-us\/\">About us<\/a><\/li>\n<li><a href=\"\/en\/privacy-policy\/\">Privacy policy<\/a><\/li>\n<\/ul>\n<p>[\/et_pb_text][\/et_pb_column][et_pb_column type=&#8221;1_2&#8243; _builder_version=&#8221;3.25&#8243; custom_padding=&#8221;|||&#8221; custom_padding__hover=&#8221;|||&#8221;][et_pb_blurb title=&#8221;Contact technical support&#8221; module_class=&#8221;stopa&#8221; _builder_version=&#8221;3.2.2&#8243; background_size=&#8221;initial&#8221; background_position=&#8221;top_left&#8221; background_repeat=&#8221;repeat&#8221; max_width_tablet=&#8221;50px&#8221; use_border_color=&#8221;off&#8221;]<\/p>\n<p>support@asist-xbrl.eu<\/p>\n<p>tel: +48 71 332 99 77<\/p>\n<p>[\/et_pb_blurb][et_pb_text module_class=&#8221;loga-dol&#8221; _builder_version=&#8221;3.27.4&#8243; background_size=&#8221;initial&#8221; background_position=&#8221;top_left&#8221; background_repeat=&#8221;repeat&#8221; use_border_color=&#8221;off&#8221; border_color=&#8221;#ffffff&#8221; border_style=&#8221;solid&#8221;][\/et_pb_text][et_pb_image src=&#8221;https:\/\/asist-xbrl.eu\/wp-content\/uploads\/2022\/10\/fingo_systems_logo_white.png&#8221; title_text=&#8221;fingo_systems_logo_white&#8221; _builder_version=&#8221;4.9.7&#8243; _module_preset=&#8221;default&#8221; max_width=&#8221;30%&#8221; module_alignment=&#8221;right&#8221;][\/et_pb_image][\/et_pb_column][\/et_pb_row][\/et_pb_section]<\/p>\n","protected":false},"excerpt":{"rendered":"<p>[et_pb_section fb_built=&#8221;1&#8243; admin_label=&#8221;section&#8221; _builder_version=&#8221;3.22&#8243;][et_pb_row admin_label=&#8221;row&#8221; _builder_version=&#8221;3.25&#8243; background_size=&#8221;initial&#8221; background_position=&#8221;top_left&#8221; background_repeat=&#8221;repeat&#8221;][et_pb_column type=&#8221;4_4&#8243; _builder_version=&#8221;3.25&#8243; custom_padding=&#8221;|||&#8221; custom_padding__hover=&#8221;|||&#8221;][et_pb_text _builder_version=&#8221;3.27.4&#8243; background_size=&#8221;initial&#8221; background_position=&#8221;top_left&#8221; background_repeat=&#8221;repeat&#8221; use_border_color=&#8221;off&#8221;] REGULATIONS\u00a0FOR THE ELECTRONIC PROVISIONOF SERVICES BY FINGO SP. Z O.O. I. GENERAL PROVISIONS Under Art. 8 sec. 1 of the Act on the Electronic Provision of Services of 18 July 2002 (t.j. Dz. U. z 2017 r. [&hellip;]<\/p>\n","protected":false},"author":5,"featured_media":0,"parent":0,"menu_order":0,"comment_status":"closed","ping_status":"closed","template":"","meta":{"_et_pb_use_builder":"on","_et_pb_old_content":"<p style=\"text-align: center;\"><strong><em>Polityka prywatno\u015bci serwisu www.asist-xbrl.eu<\/em><\/strong><br \/> <strong><em>Obowi\u0105zuj\u0105ca od dnia 12 grudnia 2016 roku.<\/em><\/strong><\/p><p><strong><em>ADMINISTRATOR SERWISU<\/em><\/strong><br \/> <br \/> 1. Administratorem serwisu jest GPM Systemy sp. z o.o. z siedzib\u0105 we Wroc\u0142awiu (54-513, ul. Kiemlicz\u00f3w 9\/4), zarejestrowana w S\u0105dzie Rejonowym dla Wroc\u0142awia-Fabrycznej we Wroc\u0142awiu, VI Wydzia\u0142 Gospodarczy pod numerem KRS 0000265283, nr NIP: 894-288-22-1, nr REGON: 020385817, kapita\u0142 zak\u0142adowy 50.000,00 z\u0142otych, op\u0142acony w ca\u0142o\u015bci.<br \/> 2. Wszelkie informacje mo\u017cna uzyska\u0107 wysy\u0142aj\u0105c wiadomo\u015b\u0107 na adres poczty elektronicznej info@gpm-systemy.com.<br \/> 3. Administrator zastrzega sobie prawo do zmiany Polityki Prywatno\u015bci poprzez publikacj\u0119 nowej polityki prywatno\u015bci w niniejszym serwisie.<\/p><p><strong><em>PRYWATNO\u015a\u0106 U\u017bYTKOWNIK\u00d3W<\/em><\/strong><br \/> 4. Podczas odwiedzania serwisu nie s\u0105 zbierane dane osobowe U\u017cytkownik\u00f3w.<br \/> 5. Administrator dba o prywatno\u015b\u0107 U\u017cytkownik\u00f3w. Chroni przechowywane przez siebie dane na ka\u017cdym etapie \u015bwiadczenia us\u0142ug. Przestrzega obowi\u0105zuj\u0105ce normy prawne. Stosuje odpowiednie organizacyjne oraz techniczne \u015brodki bezpiecze\u0144stwa, min.:<br \/> - \u015brodki ochrony przed szkodliwym oprogramowaniem,<br \/> - zaznajamia osoby zaanga\u017cowane w przetwarzanie danych z przepisami prawa dotycz\u0105cymi ochrony danych i zobowi\u0105zuje te osoby do zachowania tajemnicy.<br \/> 6. Z wyj\u0105tkiem firmy FINGO sp. z o.o., kt\u00f3ra jest producentem oferowanych przez Administratora system\u00f3w i realizuje ich serwis, Administrator nie przekazuje nikomu danych pozyskanych od U\u017cytkownik\u00f3w. Bazy danych Administratora s\u0105 zabezpieczone przed dost\u0119pem \u00a0os\u00f3b trzecich<br \/> 7. Automatycznie zbierane dane podczas wizyty w witrynie internetowej obejmuj\u0105 dane dotycz\u0105ce wizyty U\u017cytkownika, np. adres IP, nazwa domeny, typ przegl\u0105darki, typ systemu operacyjnego.<\/p><p><strong><em>PLIKI COOKIES<\/em><\/strong><br \/> 8. Pliki typu cookies to pliki tekstowe wysy\u0142ane do urz\u0105dzenia odwiedzaj\u0105cego serwis internetowy.<br \/> 9. W celach statystycznych, niniejszy serwis internetowy u\u017cywa plik\u00f3w cookies i podobnych technologii. Cookies u\u017cywaj\u0105 tak\u017ce serwisy internetowe, do kt\u00f3rych odwo\u0142ania zamieszczamy na stronach tego serwisu.<br \/> 10. W swojej przegl\u0105darce internetowej U\u017cytkownik mo\u017ce modyfikowa\u0107 ustawienia cookies, a nawet ca\u0142kowicie zablokowa\u0107 ich stosowanie. Brak zmiany takich ustawie\u0144 oznacza akceptacj\u0119 dla stosowania cookies przy korzystaniu z niniejszego serwisu.<br \/> 11. Niniejszy serwis internetowy wykorzystuje pliki cookies funkcjonalne takie jak:<br \/> - cookies zapisywane na sta\u0142e oraz dla danej sesji, dotycz\u0105 statystyk u\u017cytkowania witryny (Google Analytics).<\/p>","_et_gb_content_width":""},"_links":{"self":[{"href":"https:\/\/asist-xbrl.eu\/en\/wp-json\/wp\/v2\/pages\/3131"}],"collection":[{"href":"https:\/\/asist-xbrl.eu\/en\/wp-json\/wp\/v2\/pages"}],"about":[{"href":"https:\/\/asist-xbrl.eu\/en\/wp-json\/wp\/v2\/types\/page"}],"author":[{"embeddable":true,"href":"https:\/\/asist-xbrl.eu\/en\/wp-json\/wp\/v2\/users\/5"}],"replies":[{"embeddable":true,"href":"https:\/\/asist-xbrl.eu\/en\/wp-json\/wp\/v2\/comments?post=3131"}],"version-history":[{"count":2,"href":"https:\/\/asist-xbrl.eu\/en\/wp-json\/wp\/v2\/pages\/3131\/revisions"}],"predecessor-version":[{"id":3136,"href":"https:\/\/asist-xbrl.eu\/en\/wp-json\/wp\/v2\/pages\/3131\/revisions\/3136"}],"wp:attachment":[{"href":"https:\/\/asist-xbrl.eu\/en\/wp-json\/wp\/v2\/media?parent=3131"}],"curies":[{"name":"wp","href":"https:\/\/api.w.org\/{rel}","templated":true}]}}