{"id":2597,"date":"2021-05-18T13:38:22","date_gmt":"2021-05-18T11:38:22","guid":{"rendered":"https:\/\/asist-xbrl.eu\/?page_id=2597"},"modified":"2021-05-18T13:40:52","modified_gmt":"2021-05-18T11:40:52","slug":"ion","status":"publish","type":"page","link":"https:\/\/asist-xbrl.eu\/en\/products\/ion\/","title":{"rendered":"iON"},"content":{"rendered":"<p>[et_pb_section bb_built=&#8221;1&#8243; admin_label=&#8221;section&#8221; next_background_color=&#8221;#333333&#8243;][et_pb_row admin_label=&#8221;row&#8221; background_position=&#8221;top_left&#8221; background_repeat=&#8221;repeat&#8221; background_size=&#8221;initial&#8221;][et_pb_column type=&#8221;4_4&#8243;][et_pb_video _builder_version=&#8221;3.2.2&#8243; src=&#8221;https:\/\/asist-xbrl.eu\/wp-content\/uploads\/2019\/06\/ion_demo_s.mp4&#8243; \/][et_pb_text use_border_color=&#8221;off&#8221; background_position=&#8221;top_left&#8221; background_repeat=&#8221;repeat&#8221; background_size=&#8221;initial&#8221; _builder_version=&#8221;3.2.2&#8243;]<\/p>\n<h2><img loading=\"lazy\" class=\"size-medium wp-image-2202 alignright\" src=\"https:\/\/asist-xbrl.eu\/wp-content\/uploads\/2019\/06\/logo_ion-300x181.png\" alt=\"\" width=\"300\" height=\"181\" srcset=\"https:\/\/asist-xbrl.eu\/wp-content\/uploads\/2019\/06\/logo_ion-300x181.png 300w, https:\/\/asist-xbrl.eu\/wp-content\/uploads\/2019\/06\/logo_ion-768x462.png 768w, https:\/\/asist-xbrl.eu\/wp-content\/uploads\/2019\/06\/logo_ion-1024x617.png 1024w, https:\/\/asist-xbrl.eu\/wp-content\/uploads\/2019\/06\/logo_ion-1080x650.png 1080w, https:\/\/asist-xbrl.eu\/wp-content\/uploads\/2019\/06\/logo_ion.png 1106w\" sizes=\"(max-width: 300px) 100vw, 300px\" \/>ION \u2013 INTUITIVE REPORTING SYSTEM<\/h2>\n<p><b><\/b><\/p>\n<p><b><br \/>\n<\/b><b>The iON application allows the performance of the entire reporting process in a quick and convenient way. The system handles the entire process of conversion, loading, validation and generation of data in one tool. The ready report complies with all the requirements of the Supervisor, and the data is verified both at the stage of loading into the application and generating the final report.<\/b><br \/>\n&nbsp;&nbsp;<\/p>\n<h3>THE MAIN ASSETS FROM CHOOSING THE ION SYSTEM:<\/h3>\n<ul>\n<li>Authenticated access via www \u2013 the application is available from the browser level, the user can perform all operations, including sending the correct report directly from the level of the app (for selected types of reports).<\/li>\n<li>Support of qualified signature, which gives the possibility to authorize the created report and communication certificates enabling the report to be sent directly to the supervisor.<\/li>\n<li>Possibility to view the status of files sent to the supervisor and download the Official Receipt Confirmation.<br \/>\nA wide range of roles and user rights allows to manage the scope of work of individual employees and ensures data security.<\/li>\n<li>Autonomous operation \u2013 the system can be configured to enable the automatic start of the process of generating reports after completion of the EndOfDay procedure, and the status of the processing result can be sent by email to defined users.<\/li>\n<li>Manual data edition and records of related events are possible.<\/li>\n<li>Possibility to download generated reports, e.g. for archiving purposes.<\/li>\n<li>Intuitive handling of the entire report life cycle \u2013 the user is guided step by step, which enables work in the system without special training.<\/li>\n<li>The generated reports comply with the standard required by the Supervisor, among others xml, txt.<\/li>\n<li>Ability to add attachments to the report.<\/li>\n<\/ul>\n<p>&nbsp;&nbsp;<br \/>\n<b>iON allows to enter data in two ways:<\/b><\/p>\n<p><b><br \/>\n<\/b><b><\/b><\/p>\n<ul>\n<li>using individual data supply procedures that automatically load data from any tabular structure, the allowable format of input files is: csv, xml or direct paths to databases.<\/li>\n<li>through a dedicated CSV file prepared manually or created by the bank\u2019s core system.<\/li>\n<\/ul>\n<p>[\/et_pb_text][et_pb_video _builder_version=&#8221;3.2.2&#8243; src=&#8221;https:\/\/asist-xbrl.eu\/wp-content\/uploads\/2019\/06\/ion_definiowanie_sprawozdan.mp4&#8243; \/][\/et_pb_column][\/et_pb_row][\/et_pb_section][et_pb_section bb_built=&#8221;1&#8243; fullwidth=&#8221;off&#8221; specialty=&#8221;off&#8221; transparent_background=&#8221;off&#8221; background_color=&#8221;#333333&#8243; allow_player_pause=&#8221;off&#8221; inner_shadow=&#8221;off&#8221; parallax=&#8221;off&#8221; parallax_method=&#8221;off&#8221; padding_mobile=&#8221;off&#8221; make_fullwidth=&#8221;off&#8221; use_custom_width=&#8221;off&#8221; width_unit=&#8221;on&#8221; make_equal=&#8221;off&#8221; use_custom_gutter=&#8221;off&#8221; custom_padding_tablet=&#8221;50px|0|50px|0&#8243; custom_padding_last_edited=&#8221;on|desktop&#8221; prev_background_color=&#8221;#ffffff&#8221; global_module=&#8221;64&#8243;][et_pb_row global_parent=&#8221;64&#8243; background_position=&#8221;top_left&#8221; background_repeat=&#8221;repeat&#8221; background_size=&#8221;initial&#8221;][et_pb_column type=&#8221;4_4&#8243;][et_pb_blurb global_parent=&#8221;64&#8243; title=&#8221;Ch\u0119tnie pomo\u017cemy wybra\u0107 odpowiedni produkt&#8221; url_new_window=&#8221;off&#8221; use_icon=&#8221;off&#8221; icon_color=&#8221;#7EBEC5&#8243; use_circle=&#8221;off&#8221; circle_color=&#8221;#7EBEC5&#8243; use_circle_border=&#8221;off&#8221; circle_border_color=&#8221;#7EBEC5&#8243; icon_placement=&#8221;top&#8221; animation=&#8221;top&#8221; background_layout=&#8221;light&#8221; text_orientation=&#8221;center&#8221; use_icon_font_size=&#8221;off&#8221; use_border_color=&#8221;off&#8221; border_color=&#8221;#ffffff&#8221; border_style=&#8221;solid&#8221; module_class=&#8221;stopa-tyt&#8221; background_position=&#8221;top_left&#8221; background_repeat=&#8221;repeat&#8221; background_size=&#8221;initial&#8221; image_max_width=&#8221;100%&#8221; _builder_version=&#8221;3.2.2&#8243; \/][\/et_pb_column][\/et_pb_row][et_pb_row global_parent=&#8221;64&#8243; background_position=&#8221;top_left&#8221; background_repeat=&#8221;repeat&#8221; background_size=&#8221;initial&#8221;][et_pb_column type=&#8221;1_2&#8243;][et_pb_blurb global_parent=&#8221;64&#8243; title=&#8221;Zadaj nam pytanie&#8221; icon_color=&#8221;#7EBEC5&#8243; circle_color=&#8221;#7EBEC5&#8243; circle_border_color=&#8221;#7EBEC5&#8243; use_border_color=&#8221;off&#8221; module_class=&#8221;stopa&#8221; background_position=&#8221;top_left&#8221; background_repeat=&#8221;repeat&#8221; background_size=&#8221;initial&#8221; _builder_version=&#8221;3.2.2&#8243; max_width_tablet=&#8221;50px&#8221;]<\/p>\n<p>sprzedaz@asist-xbrl.eu<\/p>\n<p>tel: 515 985 555<br \/>\ntel: 695 711 771<br \/>\ntel: 502 404 708<\/p>\n<p>[\/et_pb_blurb][et_pb_text global_parent=&#8221;64&#8243; background_layout=&#8221;light&#8221; text_orientation=&#8221;left&#8221; use_border_color=&#8221;off&#8221; border_color=&#8221;#ffffff&#8221; border_style=&#8221;solid&#8221; disabled=&#8221;off&#8221; disabled_on=&#8221;on|on|&#8221; background_position=&#8221;top_left&#8221; background_repeat=&#8221;repeat&#8221; background_size=&#8221;initial&#8221; _builder_version=&#8221;3.2.2&#8243;]<\/p>\n<ul class=\"menu-dol\">\n<li><a href=\"\/o-nas\/\">O nas<\/a><\/li>\n<li><a href=\"\/polityka-prywatnosci\/\">Polityka prywatno\u015bci<\/a><\/li>\n<\/ul>\n<p>[\/et_pb_text][\/et_pb_column][et_pb_column type=&#8221;1_2&#8243;][et_pb_blurb global_parent=&#8221;64&#8243; title=&#8221;Kontakt z pomoc\u0105 techniczn\u0105&#8221; icon_color=&#8221;#7EBEC5&#8243; circle_color=&#8221;#7EBEC5&#8243; circle_border_color=&#8221;#7EBEC5&#8243; use_border_color=&#8221;off&#8221; module_class=&#8221;stopa&#8221; background_position=&#8221;top_left&#8221; background_repeat=&#8221;repeat&#8221; background_size=&#8221;initial&#8221; _builder_version=&#8221;3.2.2&#8243; max_width_tablet=&#8221;50px&#8221;]<\/p>\n<p>pomoc@asist-xbrl.eu<\/p>\n<p>tel: 71 332 99 99<\/p>\n<p>[\/et_pb_blurb][et_pb_text global_parent=&#8221;64&#8243; use_border_color=&#8221;off&#8221; module_class=&#8221;loga-dol&#8221; background_position=&#8221;top_left&#8221; background_repeat=&#8221;repeat&#8221; background_size=&#8221;initial&#8221; _builder_version=&#8221;3.2.2&#8243;]<\/p>\n<p><a href=\"http:\/\/www.fingo.pl\/pl\/\" target=\"_blank\" rel=\"noopener noreferrer\"><img loading=\"lazy\" class=\"size-full wp-image-1719 alignright\" src=\"https:\/\/asist-xbrl.eu\/wp-content\/uploads\/2016\/08\/logo-fingo-white-alpha@2x.png\" alt=\"logo-fingo-white-alpha@2x\" width=\"182\" height=\"72\"><\/a><a href=\"http:\/\/www.gpm-systemy.com\/?lang=pl\" target=\"_blank\" rel=\"noopener noreferrer\"><img loading=\"lazy\" class=\"size-full wp-image-1721 alignright\" src=\"https:\/\/asist-xbrl.eu\/wp-content\/uploads\/2016\/08\/logo-gpm-white-alpha@2x.png\" alt=\"logo-gpm-white-alpha@2x\" width=\"178\" height=\"72\"><\/a><\/p>\n<p>[\/et_pb_text][\/et_pb_column][\/et_pb_row][\/et_pb_section]<\/p>\n","protected":false},"excerpt":{"rendered":"<p>[et_pb_section bb_built=&#8221;1&#8243; admin_label=&#8221;section&#8221; next_background_color=&#8221;#333333&#8243;][et_pb_row admin_label=&#8221;row&#8221; background_position=&#8221;top_left&#8221; background_repeat=&#8221;repeat&#8221; background_size=&#8221;initial&#8221;][et_pb_column type=&#8221;4_4&#8243;][et_pb_video _builder_version=&#8221;3.2.2&#8243; src=&#8221;https:\/\/asist-xbrl.eu\/wp-content\/uploads\/2019\/06\/ion_demo_s.mp4&#8243; \/][et_pb_text use_border_color=&#8221;off&#8221; background_position=&#8221;top_left&#8221; background_repeat=&#8221;repeat&#8221; background_size=&#8221;initial&#8221; _builder_version=&#8221;3.2.2&#8243;] ION \u2013 INTUITIVE REPORTING SYSTEM The iON application allows the performance of the entire reporting process in a quick and convenient way. The system handles the entire process of conversion, loading, validation and generation of data in one [&hellip;]<\/p>\n","protected":false},"author":5,"featured_media":0,"parent":772,"menu_order":0,"comment_status":"closed","ping_status":"closed","template":"","meta":{"_et_pb_use_builder":"on","_et_pb_old_content":"","_et_gb_content_width":""},"_links":{"self":[{"href":"https:\/\/asist-xbrl.eu\/en\/wp-json\/wp\/v2\/pages\/2597"}],"collection":[{"href":"https:\/\/asist-xbrl.eu\/en\/wp-json\/wp\/v2\/pages"}],"about":[{"href":"https:\/\/asist-xbrl.eu\/en\/wp-json\/wp\/v2\/types\/page"}],"author":[{"embeddable":true,"href":"https:\/\/asist-xbrl.eu\/en\/wp-json\/wp\/v2\/users\/5"}],"replies":[{"embeddable":true,"href":"https:\/\/asist-xbrl.eu\/en\/wp-json\/wp\/v2\/comments?post=2597"}],"version-history":[{"count":9,"href":"https:\/\/asist-xbrl.eu\/en\/wp-json\/wp\/v2\/pages\/2597\/revisions"}],"predecessor-version":[{"id":2606,"href":"https:\/\/asist-xbrl.eu\/en\/wp-json\/wp\/v2\/pages\/2597\/revisions\/2606"}],"up":[{"embeddable":true,"href":"https:\/\/asist-xbrl.eu\/en\/wp-json\/wp\/v2\/pages\/772"}],"wp:attachment":[{"href":"https:\/\/asist-xbrl.eu\/en\/wp-json\/wp\/v2\/media?parent=2597"}],"curies":[{"name":"wp","href":"https:\/\/api.w.org\/{rel}","templated":true}]}}