{"id":1274,"date":"2016-12-02T12:02:56","date_gmt":"2016-12-02T11:02:56","guid":{"rendered":"http:\/\/www4.asist-xbrl.eu\/en\/solutions\/banking\/instytucje-finansowe\/"},"modified":"2017-04-07T09:23:13","modified_gmt":"2017-04-07T07:23:13","slug":"financial-institutions","status":"publish","type":"page","link":"https:\/\/asist-xbrl.eu\/en\/solutions\/banking\/financial-institutions\/","title":{"rendered":"Financial Institutions"},"content":{"rendered":"<p>[et_pb_section admin_label=&#8221;section&#8221;][et_pb_row admin_label=&#8221;row&#8221;][et_pb_column type=&#8221;4_4&#8243;][et_pb_text admin_label=&#8221;Tekst&#8221; background_layout=&#8221;light&#8221; text_orientation=&#8221;left&#8221; use_border_color=&#8221;off&#8221; border_color=&#8221;#ffffff&#8221; border_style=&#8221;solid&#8221;]<\/p>\n<h4>Solutions for Financial Institutions<\/h4>\n<p>aSISt for Financial Institutions is a complete set of functionalities required for reports preparation. aSISt enables reconciliation and generation of reports in XBRL, XML or other required by the supervisor.<\/p>\n<p><strong>The application <\/strong>has features that allow preparation of selected reports from the EBA ITS package in a convenient and intuitive way.<\/p>\n<h4>Users can choose which of the reports will be supported in the aSISt Base Module:<\/h4>\n<ul>\n<li>COREP EBA ITS<\/li>\n<li>LVR EBA ITS (Leverage)<\/li>\n<li>Encumbrance EBA ITS<\/li>\n<li>FINREP EBA ITS<\/li>\n<li>LCR EBA ITS (Liquidity)<\/li>\n<li>LE EBA ITS<\/li>\n<li>NSFR EBA ITS<\/li>\n<li>ALMM EBA ITS (Additional Liquidity Monitoring Metrics)<\/li>\n<li>FP EBA ITS (Funding Plans)<\/li>\n<li>SVB EBA (Supervisory Benchmarking)<\/li>\n<\/ul>\n<p><strong>In the base module user can get following functions:<\/strong><\/p>\n<ul>\n<li>manual data input<\/li>\n<li>built-in, two-way interfaces:\u00a0 CSV, XML, XBRL, Excel<\/li>\n<li>reports reconciliation (including visual error messaging)<\/li>\n<li>reports repository repozytorium that allows collection and reports management<\/li>\n<li>installation on a single workstation with a built-in Derby database or<\/li>\n<li>on multiple workstations configured on a shared Oracle database.<\/li>\n<\/ul>\n<p><strong>aSISt deals with the full reporting cycle. For each report, user perfoms the same set of actions, including:<br \/>\n<\/strong><\/p>\n<ul>\n<li>data input, edition, completion<\/li>\n<li>verification and reports reconciliation<\/li>\n<li>printing<\/li>\n<li>sending reports and\/or<\/li>\n<li>corrertion of archived reports.<\/li>\n<\/ul>\n<p>[\/et_pb_text][\/et_pb_column][\/et_pb_row][et_pb_row admin_label=&#8221;Wiersz&#8221;][et_pb_column type=&#8221;1_2&#8243;][et_pb_toggle admin_label=&#8221;modu\u0142y aSISt&#8221; title=&#8221;aSISt Modules&#8221; open=&#8221;off&#8221; closed_toggle_background_color=&#8221;#ffffff&#8221; title_text_color=&#8221;#5697b4&#8243; use_border_color=&#8221;on&#8221; border_color=&#8221;#5697b4&#8243; border_style=&#8221;solid&#8221; title_font=&#8221;|on|||&#8221; title_font_size=&#8221;24&#8243;]<\/p>\n<p><a href=\"\/en\/asist-modules\/base-module\">Base Module<\/a><\/p>\n<p><a href=\"\/en\/asist-modules\/validation-rules-editor\">Validation Rules Editor<\/a><\/p>\n<p><a href=\"\/en\/asist-modules\/data-analysis-module\">Data Analysis Module<\/a><\/p>\n<p><a href=\"\/en\/asist-modules\/data-entry-automation-module\">Data Entry Automation Module<\/a><\/p>\n<p><a href=\"\/en\/asist-modules\/consolidation-module\">Consolidation Module<\/a><\/p>\n<p>[\/et_pb_toggle][\/et_pb_column][et_pb_column type=&#8221;1_2&#8243;][\/et_pb_column][\/et_pb_row][\/et_pb_section][et_pb_section admin_label=&#8221;Sekcja&#8221; fullwidth=&#8221;off&#8221; specialty=&#8221;off&#8221; transparent_background=&#8221;off&#8221; background_color=&#8221;#333333&#8243; allow_player_pause=&#8221;off&#8221; inner_shadow=&#8221;off&#8221; parallax=&#8221;off&#8221; parallax_method=&#8221;off&#8221; padding_mobile=&#8221;off&#8221; make_fullwidth=&#8221;off&#8221; use_custom_width=&#8221;off&#8221; width_unit=&#8221;on&#8221; make_equal=&#8221;off&#8221; use_custom_gutter=&#8221;off&#8221; global_module=&#8221;1756&#8243;][et_pb_row global_parent=&#8221;1756&#8243; admin_label=&#8221;Wiersz&#8221;][et_pb_column type=&#8221;4_4&#8243;][et_pb_blurb global_parent=&#8221;1756&#8243; admin_label=&#8221;Notka&#8221; title=&#8221;We will help you choose the perfect product&#8221; url_new_window=&#8221;off&#8221; use_icon=&#8221;off&#8221; icon_color=&#8221;#7EBEC5&#8243; use_circle=&#8221;off&#8221; circle_color=&#8221;#7EBEC5&#8243; use_circle_border=&#8221;off&#8221; circle_border_color=&#8221;#7EBEC5&#8243; icon_placement=&#8221;top&#8221; animation=&#8221;top&#8221; background_layout=&#8221;light&#8221; text_orientation=&#8221;center&#8221; use_icon_font_size=&#8221;off&#8221; use_border_color=&#8221;off&#8221; border_color=&#8221;#ffffff&#8221; border_style=&#8221;solid&#8221; module_class=&#8221;stopa-tyt&#8221;] [\/et_pb_blurb][\/et_pb_column][\/et_pb_row][et_pb_row global_parent=&#8221;1756&#8243; admin_label=&#8221;Wiersz&#8221;][et_pb_column type=&#8221;1_2&#8243;][et_pb_blurb global_parent=&#8221;1756&#8243; admin_label=&#8221;Notka&#8221; title=&#8221;Ask a question&#8221; url_new_window=&#8221;off&#8221; use_icon=&#8221;off&#8221; icon_color=&#8221;#7EBEC5&#8243; use_circle=&#8221;off&#8221; circle_color=&#8221;#7EBEC5&#8243; use_circle_border=&#8221;off&#8221; circle_border_color=&#8221;#7EBEC5&#8243; icon_placement=&#8221;top&#8221; animation=&#8221;top&#8221; background_layout=&#8221;light&#8221; text_orientation=&#8221;left&#8221; use_icon_font_size=&#8221;off&#8221; use_border_color=&#8221;off&#8221; border_color=&#8221;#ffffff&#8221; border_style=&#8221;solid&#8221; module_class=&#8221;stopa&#8221;]<\/p>\n<p>contact@asist-xbrl.eu<\/p>\n<p>mob. +48 609 858 522<\/p>\n<p>[\/et_pb_blurb][et_pb_text global_parent=&#8221;1756&#8243; admin_label=&#8221;Tekst&#8221; background_layout=&#8221;light&#8221; text_orientation=&#8221;left&#8221; use_border_color=&#8221;off&#8221; border_color=&#8221;#ffffff&#8221; border_style=&#8221;solid&#8221;]<\/p>\n<ul class=\"menu-dol\">\n<li><a href=\"\/en\/about-us\/\">About us<\/a><\/li>\n<li><a href=\"\/en\/privacy-policy\/\">Privacy policy<\/a><\/li>\n<\/ul>\n<p>[\/et_pb_text][\/et_pb_column][et_pb_column type=&#8221;1_2&#8243;][et_pb_blurb global_parent=&#8221;1756&#8243; admin_label=&#8221;Notka&#8221; title=&#8221;Contact technical support&#8221; url_new_window=&#8221;off&#8221; use_icon=&#8221;off&#8221; icon_color=&#8221;#7EBEC5&#8243; use_circle=&#8221;off&#8221; circle_color=&#8221;#7EBEC5&#8243; use_circle_border=&#8221;off&#8221; circle_border_color=&#8221;#7EBEC5&#8243; icon_placement=&#8221;top&#8221; animation=&#8221;top&#8221; background_layout=&#8221;light&#8221; text_orientation=&#8221;left&#8221; use_icon_font_size=&#8221;off&#8221; use_border_color=&#8221;off&#8221; border_color=&#8221;#ffffff&#8221; border_style=&#8221;solid&#8221; module_class=&#8221;stopa&#8221;]<\/p>\n<p>support@asist-xbrl.eu<\/p>\n<p>tel. +48 71 332 99 99<\/p>\n<p>[\/et_pb_blurb][et_pb_text global_parent=&#8221;1756&#8243; admin_label=&#8221;Tekst&#8221; background_layout=&#8221;light&#8221; text_orientation=&#8221;left&#8221; use_border_color=&#8221;off&#8221; border_color=&#8221;#ffffff&#8221; border_style=&#8221;solid&#8221; module_class=&#8221;loga-dol&#8221;]<\/p>\n<p><img loading=\"lazy\" class=\"alignnone wp-image-1719 size-full alignright\" src=\"https:\/\/asist-xbrl.eu\/wp-content\/uploads\/2016\/08\/logo-fingo-white-alpha@2x.png\" width=\"182\" height=\"72\" \/> <img loading=\"lazy\" class=\"alignnone wp-image-1721 size-full alignright\" src=\"https:\/\/asist-xbrl.eu\/wp-content\/uploads\/2016\/08\/logo-gpm-white-alpha@2x.png\" width=\"178\" height=\"72\" \/><\/p>\n<p>[\/et_pb_text][\/et_pb_column][\/et_pb_row][\/et_pb_section]<\/p>\n","protected":false},"excerpt":{"rendered":"<p>[et_pb_section admin_label=&#8221;section&#8221;][et_pb_row admin_label=&#8221;row&#8221;][et_pb_column type=&#8221;4_4&#8243;][et_pb_text admin_label=&#8221;Tekst&#8221; background_layout=&#8221;light&#8221; text_orientation=&#8221;left&#8221; use_border_color=&#8221;off&#8221; border_color=&#8221;#ffffff&#8221; border_style=&#8221;solid&#8221;] Solutions for Financial Institutions aSISt for Financial Institutions is a complete set of functionalities required for reports preparation. aSISt enables reconciliation and generation of reports in XBRL, XML or other required by the supervisor. The application has features that allow preparation of selected reports from [&hellip;]<\/p>\n","protected":false},"author":2,"featured_media":0,"parent":794,"menu_order":0,"comment_status":"closed","ping_status":"closed","template":"","meta":{"_et_pb_use_builder":"on","_et_pb_old_content":"<h4>aSISt dla Instytucji Finansowych<\/h4><p>to komplet funkcjonalno\u015bci konieczny do przygotowania sprawozda\u0144. aSISt pozwala uzgodni\u0107 a nast\u0119pnie wygenerowa\u0107 sprawozdania w formacie XBRL, XML lub innym wymaganym przez NBP.<\/p><p><strong>\u00a0aSISt <\/strong>posiada funkcje, kt\u00f3re pozwalaj\u0105 przygotowa\u0107 wybrane sprawozdania w aSISt w wygodni i intuicyjny spos\u00f3b.<\/p><p>Sprawozdania, kt\u00f3re s\u0105 obs\u0142ugiwane w aSISt dost\u0119pne s\u0105 w postaci osobnych modu\u0142\u00f3w sprawozdawczych, kt\u00f3rych dzia\u0142anie oparte jest na module bazowym.<\/p><p><strong>W ramach modu\u0142u bazowego dost\u0119pne s\u0105 nast\u0119puj\u0105ce funkcje:<\/strong><\/p><ul><li>obs\u0142uga manualnego wprowadzania danych<\/li><li>interfejsy umo\u017cliwiaj\u0105ce import i eksport danych: CSV, XML, XBRL, Excel<\/li><li>uzgadnianie sprawozda\u0144 (w tym: wizualne oznaczanie b\u0142\u0119d\u00f3w)<\/li><li>repozytorium sprawozda\u0144 pozwalaj\u0105ce gromadzi\u0107 i zarz\u0105dza\u0107 sprawozdaniami<\/li><li>instalacja na jednym komputerze z bezp\u0142atn\u0105 wbudowan\u0105 baz\u0105 danych Derby lub<\/li><li>na wielu komputerach skonfigurowanych do pracy z baz\u0105 Oracle.<\/li><\/ul><p><strong>aSISt obs\u0142uguje cykl sprawozdawczy, tj. kolejne kroki procesu przygotowania sprawozdania. U\u017cytkownik dla ka\u017cdego sprawozdanie wykonuje ten sam zestaw dzia\u0142a\u0144, obejmuj\u0105cy:<br \/><\/strong><\/p><ul><li>wprowadzanie danych, edycj\u0119, uzupe\u0142nienie danych<\/li><li>weryfikacj\u0119 i uzgodnienie sprawozda\u0144<\/li><li>drukowanie<\/li><li>wys\u0142anie sprawozda\u0144 i w razie potrzeby<\/li><li>korekt\u0119 sprawozda\u0144 historycznych.<\/li><\/ul><p><strong>G\u0142\u00f3wnymi, wskazywanymi przez u\u017cytkownik\u00f3w, zaletami aplikacji s\u0105:<\/strong><\/p><ul><li>\u0142atwo\u015b\u0107 obs\u0142ugi aSISt: u\u017cytkownik skupia si\u0119 na zagadnieniach poprawno\u015bci sprawozda\u0144 bez konieczno\u015bci poznawania\u00a0skomplikowanej technologii stoj\u0105cej za procesem sprawozdawczym,<\/li><li>mo\u017cliwo\u015b\u0107 zar\u00f3wno r\u0119cznego, jak i automatycznego wprowadzenia danych do sprawozdania,<\/li><li>opcja r\u0119cznego uzupe\u0142nienia oraz skorygowania danych, bez wzgl\u0119du na spos\u00f3b ich pierwotnego wprowadzenia,<\/li><li>r\u00f3\u017cnorodno\u015b\u0107\u00a0metod wprowadzenia danych do sprawozdania \u2013 interfejs\u00f3w, w tym dwustronny interfejs do\/z arkuszy Excel oraz mo\u017cliwo\u015b\u0107 stosowania zaawansowanego modu\u0142u mapowania danych, kt\u00f3ry pozwala na mapowanie sprawozda\u0144 tabelarycznych\u00a0i sprawozda\u0144 listowych,<\/li><li>szereg wizualnych mechanizm\u00f3w wspomagaj\u0105cych uzgadnianie danych w oparciu o zawsze aktualne regu\u0142y poprawno\u015bci,<\/li><li>wizualna prezentacja b\u0142\u0119d\u00f3w ze wskazaniem przez aSISt miejsca w sprawozdaniu, gdzie b\u0142\u0105d wyst\u0119puje.<\/li><\/ul>","_et_gb_content_width":""},"_links":{"self":[{"href":"https:\/\/asist-xbrl.eu\/en\/wp-json\/wp\/v2\/pages\/1274"}],"collection":[{"href":"https:\/\/asist-xbrl.eu\/en\/wp-json\/wp\/v2\/pages"}],"about":[{"href":"https:\/\/asist-xbrl.eu\/en\/wp-json\/wp\/v2\/types\/page"}],"author":[{"embeddable":true,"href":"https:\/\/asist-xbrl.eu\/en\/wp-json\/wp\/v2\/users\/2"}],"replies":[{"embeddable":true,"href":"https:\/\/asist-xbrl.eu\/en\/wp-json\/wp\/v2\/comments?post=1274"}],"version-history":[{"count":7,"href":"https:\/\/asist-xbrl.eu\/en\/wp-json\/wp\/v2\/pages\/1274\/revisions"}],"predecessor-version":[{"id":1789,"href":"https:\/\/asist-xbrl.eu\/en\/wp-json\/wp\/v2\/pages\/1274\/revisions\/1789"}],"up":[{"embeddable":true,"href":"https:\/\/asist-xbrl.eu\/en\/wp-json\/wp\/v2\/pages\/794"}],"wp:attachment":[{"href":"https:\/\/asist-xbrl.eu\/en\/wp-json\/wp\/v2\/media?parent=1274"}],"curies":[{"name":"wp","href":"https:\/\/api.w.org\/{rel}","templated":true}]}}