{"id":1064,"date":"2016-09-29T08:37:51","date_gmt":"2016-09-29T06:37:51","guid":{"rendered":"http:\/\/www4.asist-xbrl.eu\/en\/o-nas\/"},"modified":"2017-04-07T09:14:16","modified_gmt":"2017-04-07T07:14:16","slug":"about-us","status":"publish","type":"page","link":"https:\/\/asist-xbrl.eu\/en\/about-us\/","title":{"rendered":"About us"},"content":{"rendered":"<p>[et_pb_section admin_label=&#8221;section&#8221;][et_pb_row admin_label=&#8221;row&#8221;][et_pb_column type=&#8221;4_4&#8243;][et_pb_text admin_label=&#8221;Tekst&#8221; background_layout=&#8221;light&#8221; text_orientation=&#8221;left&#8221; use_border_color=&#8221;off&#8221; border_color=&#8221;#ffffff&#8221; border_style=&#8221;solid&#8221;]<\/p>\n<p>We deliver obligatory reporting tools for banks since 2006. Our experience combined with invaluable trust of Customers caused that today we can proudly sat that we are the leader in the sector of Polish banking reporting. Setting ourselves high standards and working in accordance with them makes the reports preparation and supervision of the reporting process simple.<\/p>\n<p>Our products and services are the result of a long and fruitful cooperation between two companies: GPM Systemy sp. z o.o. and\u00a0 FINGO sp. z o.o.<\/p>\n<p>[\/et_pb_text][et_pb_text admin_label=&#8221;Tekst&#8221; background_layout=&#8221;light&#8221; text_orientation=&#8221;left&#8221; use_border_color=&#8221;off&#8221; border_color=&#8221;#ffffff&#8221; border_style=&#8221;solid&#8221;]<\/p>\n<p><img loading=\"lazy\" class=\"aligncenter wp-image-689\" src=\"https:\/\/asist-xbrl.eu\/wp-content\/uploads\/2016\/08\/logo-grey-3-300x71.png\" width=\"115\" height=\"27\" srcset=\"https:\/\/asist-xbrl.eu\/wp-content\/uploads\/2016\/08\/logo-grey-3-300x71.png 300w, https:\/\/asist-xbrl.eu\/wp-content\/uploads\/2016\/08\/logo-grey-3.png 308w\" sizes=\"(max-width: 115px) 100vw, 115px\" \/><\/p>\n<p>We contribute and implement solutions for obligatory reporting since 2006. Tools from aSISt family are dedicated to supervisors and supervised financial institutions. Our priority is to relieve end-users of the application in technical and formal aspects of the reporting, allowing them to focus on the content of the work associated with the data quality.<\/p>\n<p>[\/et_pb_text][et_pb_text admin_label=&#8221;Tekst&#8221; background_layout=&#8221;light&#8221; text_orientation=&#8221;left&#8221; use_border_color=&#8221;off&#8221; border_color=&#8221;#ffffff&#8221; border_style=&#8221;solid&#8221;]<\/p>\n<p><img loading=\"lazy\" class=\"size-full wp-image-238 aligncenter\" src=\"https:\/\/asist-xbrl.eu\/wp-content\/uploads\/2016\/08\/fing-logo.png\" alt=\"fing-logo\" width=\"115\" height=\"42\" \/><\/p>\n<p>We are a software producer and technological partner responsible for architecture, development and technical support of aSISt product family. Our strenght is a stable, competent team of programmers who deliver complex projects for clients across Europe.<\/p>\n<p>[\/et_pb_text][\/et_pb_column][\/et_pb_row][\/et_pb_section][et_pb_section admin_label=&#8221;Sekcja&#8221; fullwidth=&#8221;off&#8221; specialty=&#8221;off&#8221; transparent_background=&#8221;off&#8221; background_color=&#8221;#333333&#8243; allow_player_pause=&#8221;off&#8221; inner_shadow=&#8221;off&#8221; parallax=&#8221;off&#8221; parallax_method=&#8221;off&#8221; padding_mobile=&#8221;off&#8221; make_fullwidth=&#8221;off&#8221; use_custom_width=&#8221;off&#8221; width_unit=&#8221;on&#8221; make_equal=&#8221;off&#8221; use_custom_gutter=&#8221;off&#8221; global_module=&#8221;1756&#8243;][et_pb_row global_parent=&#8221;1756&#8243; admin_label=&#8221;Wiersz&#8221;][et_pb_column type=&#8221;4_4&#8243;][et_pb_blurb global_parent=&#8221;1756&#8243; admin_label=&#8221;Notka&#8221; title=&#8221;We will help you choose the perfect product&#8221; url_new_window=&#8221;off&#8221; use_icon=&#8221;off&#8221; icon_color=&#8221;#7EBEC5&#8243; use_circle=&#8221;off&#8221; circle_color=&#8221;#7EBEC5&#8243; use_circle_border=&#8221;off&#8221; circle_border_color=&#8221;#7EBEC5&#8243; icon_placement=&#8221;top&#8221; animation=&#8221;top&#8221; background_layout=&#8221;light&#8221; text_orientation=&#8221;center&#8221; use_icon_font_size=&#8221;off&#8221; use_border_color=&#8221;off&#8221; border_color=&#8221;#ffffff&#8221; border_style=&#8221;solid&#8221; module_class=&#8221;stopa-tyt&#8221;] [\/et_pb_blurb][\/et_pb_column][\/et_pb_row][et_pb_row global_parent=&#8221;1756&#8243; admin_label=&#8221;Wiersz&#8221;][et_pb_column type=&#8221;1_2&#8243;][et_pb_blurb global_parent=&#8221;1756&#8243; admin_label=&#8221;Notka&#8221; title=&#8221;Ask a question&#8221; url_new_window=&#8221;off&#8221; use_icon=&#8221;off&#8221; icon_color=&#8221;#7EBEC5&#8243; use_circle=&#8221;off&#8221; circle_color=&#8221;#7EBEC5&#8243; use_circle_border=&#8221;off&#8221; circle_border_color=&#8221;#7EBEC5&#8243; icon_placement=&#8221;top&#8221; animation=&#8221;top&#8221; background_layout=&#8221;light&#8221; text_orientation=&#8221;left&#8221; use_icon_font_size=&#8221;off&#8221; use_border_color=&#8221;off&#8221; border_color=&#8221;#ffffff&#8221; border_style=&#8221;solid&#8221; module_class=&#8221;stopa&#8221;]<\/p>\n<p>contact@asist-xbrl.eu<\/p>\n<p>mob. +48 609 858 522<\/p>\n<p>[\/et_pb_blurb][et_pb_text global_parent=&#8221;1756&#8243; admin_label=&#8221;Tekst&#8221; background_layout=&#8221;light&#8221; text_orientation=&#8221;left&#8221; use_border_color=&#8221;off&#8221; border_color=&#8221;#ffffff&#8221; border_style=&#8221;solid&#8221;]<\/p>\n<ul class=\"menu-dol\">\n<li><a href=\"\/en\/about-us\/\">About us<\/a><\/li>\n<li><a href=\"\/en\/privacy-policy\/\">Privacy policy<\/a><\/li>\n<\/ul>\n<p>[\/et_pb_text][\/et_pb_column][et_pb_column type=&#8221;1_2&#8243;][et_pb_blurb global_parent=&#8221;1756&#8243; admin_label=&#8221;Notka&#8221; title=&#8221;Contact technical support&#8221; url_new_window=&#8221;off&#8221; use_icon=&#8221;off&#8221; icon_color=&#8221;#7EBEC5&#8243; use_circle=&#8221;off&#8221; circle_color=&#8221;#7EBEC5&#8243; use_circle_border=&#8221;off&#8221; circle_border_color=&#8221;#7EBEC5&#8243; icon_placement=&#8221;top&#8221; animation=&#8221;top&#8221; background_layout=&#8221;light&#8221; text_orientation=&#8221;left&#8221; use_icon_font_size=&#8221;off&#8221; use_border_color=&#8221;off&#8221; border_color=&#8221;#ffffff&#8221; border_style=&#8221;solid&#8221; module_class=&#8221;stopa&#8221;]<\/p>\n<p>support@asist-xbrl.eu<\/p>\n<p>tel. +48 71 332 99 99<\/p>\n<p>[\/et_pb_blurb][et_pb_text global_parent=&#8221;1756&#8243; admin_label=&#8221;Tekst&#8221; background_layout=&#8221;light&#8221; text_orientation=&#8221;left&#8221; use_border_color=&#8221;off&#8221; border_color=&#8221;#ffffff&#8221; border_style=&#8221;solid&#8221; module_class=&#8221;loga-dol&#8221;]<\/p>\n<p><img loading=\"lazy\" class=\"alignnone wp-image-1719 size-full alignright\" src=\"https:\/\/asist-xbrl.eu\/wp-content\/uploads\/2016\/08\/logo-fingo-white-alpha@2x.png\" width=\"182\" height=\"72\" \/> <img loading=\"lazy\" class=\"alignnone wp-image-1721 size-full alignright\" src=\"https:\/\/asist-xbrl.eu\/wp-content\/uploads\/2016\/08\/logo-gpm-white-alpha@2x.png\" width=\"178\" height=\"72\" \/><\/p>\n<p>[\/et_pb_text][\/et_pb_column][\/et_pb_row][\/et_pb_section]<\/p>\n","protected":false},"excerpt":{"rendered":"<p>[et_pb_section admin_label=&#8221;section&#8221;][et_pb_row admin_label=&#8221;row&#8221;][et_pb_column type=&#8221;4_4&#8243;][et_pb_text admin_label=&#8221;Tekst&#8221; background_layout=&#8221;light&#8221; text_orientation=&#8221;left&#8221; use_border_color=&#8221;off&#8221; border_color=&#8221;#ffffff&#8221; border_style=&#8221;solid&#8221;] We deliver obligatory reporting tools for banks since 2006. Our experience combined with invaluable trust of Customers caused that today we can proudly sat that we are the leader in the sector of Polish banking reporting. Setting ourselves high standards and working in accordance with [&hellip;]<\/p>\n","protected":false},"author":2,"featured_media":0,"parent":0,"menu_order":0,"comment_status":"closed","ping_status":"closed","template":"","meta":{"_et_pb_use_builder":"on","_et_pb_old_content":"<p>Od roku 2006, GPM Systemy dostarcza bankom narz\u0119dzi do sprawozdawczo\u015bci obowi\u0105zkowej. Nasze do\u015bwiadczenie w po\u0142\u0105czeniu z bezcennym zaufaniem i sympati\u0105 klient\u00f3w spowodowa\u0142y, \u017ce dzi\u015b mo\u017cemy z dum\u0105 przyzna\u0107, i\u017c jeste\u015bmy liderem w sektorze polskiej sprawozdawczo\u015bci bankowej. Wyznaczaj\u0105c sobie wysokie standardy i dzia\u0142aj\u0105c zgodnie z nimi sprawiamy, \u017ce przygotowywanie sprawozda\u0144 i nadz\u00f3r nad procesem sprawozdawczym staj\u0105 si\u0119 prostsze.<br \/> Oferowane przez nas produkty i us\u0142ugi s\u0105 efektem d\u0142ugotrwa\u0142ej i owocnej wsp\u00f3\u0142pracy z FINGO \u2013 producentem oprogramowania. Od lat wsp\u00f3lnie wypracowujemy i oferujemy rozwi\u0105zania zgodne z najwy\u017cszymi standardami technologicznymi.<\/p><p>\u00a0<strong>Dzia\u0142alno\u015b\u0107<\/strong><\/p><p>Nasze us\u0142ugi obejmuj\u0105 dwa najwa\u017cniejsze obszary sprawozdawczo\u015bci obowi\u0105zkowej:<br \/> \u2013 nadz\u00f3r i zarz\u0105dzanie procesem w sektorze bankowym,<br \/> \u2013 wype\u0142nianie obowi\u0105zk\u00f3w sprawozdawczych przez instytucje finansowe i banki.<\/p><p>Wsp\u00f3lnie z FINGO tworzymy, wdra\u017camy i rozwijamy systemy dla nadzorc\u00f3w rynku oraz dla jednostek raportuj\u0105cych. Naszym priorytetem jest odci\u0105\u017cenie u\u017cytkownika ko\u0144cowego w zakresie zagadnie\u0144 technicznych i formalnych, aby umo\u017cliwi\u0107 mu skupienie si\u0119 na najwi\u0119kszym wyzwaniu sprawozdawczo\u015bci: na jako\u015bci danych.<br \/> Nasze rozwi\u0105zania s\u0105 wykorzystywane przez banki, oddzia\u0142y bank\u00f3w zagranicznych i nadzorc\u00f3w rynku bankowego w ca\u0142ej Europie.<\/p><p>\u00a0<strong>Liczby i fakty<\/strong><\/p><table><tbody><tr><td><p><strong>Rok za\u0142o\u017cenia<\/strong><\/p><\/td><td><p>2006<\/p><\/td><\/tr><tr><td><p><strong>Forma organizacji<\/strong><\/p><\/td><td><p>Sp\u00f3\u0142ka z o.o.<\/p><\/td><\/tr><tr><td><p><strong>Siedziba<\/strong><\/p><\/td><td><p>Wroc\u0142aw, Polska<\/p><\/td><\/tr><tr><td><p><strong>Obszar dzia\u0142alno\u015bci<\/strong><\/p><\/td><td><p>Polska i kraje UE<\/p><\/td><\/tr><tr><td><p><strong>Klienci<\/strong><\/p><\/td><td><p>Ponad 620 bank\u00f3w, instytucji finansowych, w tym centralni nadzorcy krajowi<\/p><\/td><\/tr><tr><td><p><strong>Bran\u017ca<\/strong><\/p><\/td><td><p>IT, sektor bankowy: sprawozdawczo\u015b\u0107 obowi\u0105zkowa<\/p><\/td><\/tr><\/tbody><\/table><p>\u00a0<\/p><p><strong>Dzia\u0142alno\u015b\u0107 na rzecz XBRL<\/strong><\/p><p>Stale wzbogacamy swoj\u0105 wiedz\u0119 i umiej\u0119tno\u015bci, dzia\u0142aj\u0105c w organizacjach i inicjatywach po\u015bwi\u0119conych rozwojowi standardu sprawozdawczego XBRL:<\/p><ul><li>SBR Polska<\/li><li>XBRL Europe<\/li><li>XBRL-COREP Group<\/li><\/ul><p>We wszystkich naszych produktach stosujemy standardy i dobre praktyki XBRL, a nasi eksperci aktywnie uczestnicz\u0105 w pracach grupy Eurofiling i w mi\u0119dzynarodowych warsztatach XBRL.<\/p>","_et_gb_content_width":""},"_links":{"self":[{"href":"https:\/\/asist-xbrl.eu\/en\/wp-json\/wp\/v2\/pages\/1064"}],"collection":[{"href":"https:\/\/asist-xbrl.eu\/en\/wp-json\/wp\/v2\/pages"}],"about":[{"href":"https:\/\/asist-xbrl.eu\/en\/wp-json\/wp\/v2\/types\/page"}],"author":[{"embeddable":true,"href":"https:\/\/asist-xbrl.eu\/en\/wp-json\/wp\/v2\/users\/2"}],"replies":[{"embeddable":true,"href":"https:\/\/asist-xbrl.eu\/en\/wp-json\/wp\/v2\/comments?post=1064"}],"version-history":[{"count":4,"href":"https:\/\/asist-xbrl.eu\/en\/wp-json\/wp\/v2\/pages\/1064\/revisions"}],"predecessor-version":[{"id":1757,"href":"https:\/\/asist-xbrl.eu\/en\/wp-json\/wp\/v2\/pages\/1064\/revisions\/1757"}],"wp:attachment":[{"href":"https:\/\/asist-xbrl.eu\/en\/wp-json\/wp\/v2\/media?parent=1064"}],"curies":[{"name":"wp","href":"https:\/\/api.w.org\/{rel}","templated":true}]}}